{"id":375,"date":"2024-04-02T17:57:56","date_gmt":"2024-04-02T17:57:56","guid":{"rendered":"https:\/\/riaddarsarah.com\/?post_type=product&#038;p=375"},"modified":"2025-10-22T15:08:31","modified_gmt":"2025-10-22T15:08:31","slug":"nila","status":"publish","type":"product","link":"https:\/\/riaddarsarah.com\/fr\/accommodation\/nila\/","title":{"rendered":"Chambre Nila"},"content":{"rendered":"<div class=\"row\"  id=\"row-1852183135\">\n\n\t<div id=\"col-1356312277\" class=\"col medium-6 small-12 large-6\"  >\n\t\t\t\t<div class=\"col-inner\"  >\n\t\t\t\n\t\t\t\n<div class=\"row\"  id=\"row-334763362\">\n\n\t<div id=\"col-172999068\" class=\"col small-12 large-12\"  >\n\t\t\t\t<div class=\"col-inner box-shadow-2\"  >\n\t\t\t\n\t\t\t\n<h4>RIAD DAR SARAH<\/h4>\n<p>Nous voulons que vous vous sentiez chez vous dans notre pays. Notre riad est aussi color\u00e9 que notre pays. Ici vous trouverez toutes les couleurs du Maroc, verrez la diversit\u00e9 de l'artisanat marocain et le souci du d\u00e9tail, vous d\u00e9couvrirez toujours de petites oasis o\u00f9 vous pourrez vous d\u00e9tendre, lire un livre, \u00e9couter de la musique et vous relaxer.<\/p>\n<p>Et si vous \u00eates tr\u00e8s attentif, vous trouverez ici des \u00e9l\u00e9ments provenant des coins les plus divers d\u2019Afrique.<\/p>\n\t\t<\/div>\n\t\t\t\t\n<style>\n#col-172999068 > .col-inner {\n  padding: 18px 15px 2px 20px;\n  border-radius: 10px;\n}\n<\/style>\n\t<\/div>\n\n\t\n<\/div>\n\t\t<\/div>\n\t\t\t\t\t<\/div>\n\n\t\n\n\t<div id=\"col-426871773\" class=\"col medium-6 small-12 large-6\"  >\n\t\t\t\t<div class=\"col-inner\"  >\n\t\t\t\n\t\t\t\n<div class=\"row\"  id=\"row-576813395\">\n\n\t<div id=\"col-2020131467\" class=\"col small-12 large-12\"  >\n\t\t\t\t<div class=\"col-inner box-shadow-2\"  >\n\t\t\t\n\t\t\t\n<h4>MOST POPULAR FACILITIES<\/h4>\n<p>\u29bf Wi-Fi gratuit<br \/>\n\u29bf Salle de bain priv\u00e9e<br \/>\n\u29bf Douche \/ WC<br \/>\n\u29bf Terrasse<br \/>\n\u29bf Stationnement gratuit<br \/>\n\u29bf Vue sur le jardin<br \/>\n\u29bf Coin repas<\/p>\n\t\t<\/div>\n\t\t\t\t\n<style>\n#col-2020131467 > .col-inner {\n  padding: 18px 15px 2px 20px;\n  border-radius: 10px;\n}\n<\/style>\n\t<\/div>\n\n\t\n<\/div>\n\t\t<\/div>\n\t\t\t\t\t<\/div>\n\n\t\n<\/div>","protected":false},"excerpt":{"rendered":"<h4 style=\"padding-top: 20px;padding-bottom: 10px;\">Vous pouvez r\u00e9server via WhatsApp ou nous contacter<\/h4>\n<p><a href=\"https:\/\/wa.me\/212670864686?text=Hello%2C%20I%E2%80%99m%20interested%20in%20booking%20Room%20(NILA).%20Could%20you%20please%20share%20more%20details%3F\" target=\"_blank\" class=\"button success\" style=\"border-radius:30px;padding:5px 30px 5px 30px;\"><span>Whatsapp<\/span><\/a><br \/>\n<a href=\"https:\/\/riaddarsarah.com\/fr\/contact-us\/\" class=\"button secondary\" style=\"border-radius:30px;padding:5px 30px 5px 30px;margin-button:0px\"><span>Contact<\/span><\/a><\/p>\n<div style=\"margin-top: 20px;background-color: #f7f7f7;padding: 20px 30px 20px 30px;border-radius: 20px;box-shadow: 1px 3px 6px #e5e5e5;\">Les petits-d\u00e9jeuners et d\u00eeners sont propos\u00e9s en suppl\u00e9ment du tarif de la chambre. Les tarifs vous seront communiqu\u00e9s par e-mail lors de votre demande de r\u00e9servation.<\/div>","protected":false},"featured_media":351,"template":"","meta":[],"product_brand":[],"product_cat":[15],"product_tag":[],"class_list":{"0":"post-375","1":"product","2":"type-product","3":"status-publish","4":"has-post-thumbnail","6":"product_cat-uncategorized","8":"first","9":"instock","10":"sold-individually","11":"shipping-taxable","12":"purchasable","13":"product-type-simple"},"yoast_head":"<!-- This site is optimized with the Yoast SEO plugin v27.5 - https:\/\/yoast.com\/product\/yoast-seo-wordpress\/ -->\n<title>Room Nila - Riad Dar Sarah<\/title>\n<meta name=\"description\" content=\"Discover Riad Dar Sarah on top of Taghazout, where timeless Moroccan design meets modern comfort for an unforgettable stay.\" \/>\n<meta name=\"robots\" content=\"index, follow, max-snippet:-1, max-image-preview:large, max-video-preview:-1\" \/>\n<link rel=\"canonical\" href=\"https:\/\/riaddarsarah.com\/fr\/accommodation\/nila\/\" \/>\n<meta property=\"og:locale\" content=\"fr_FR\" \/>\n<meta property=\"og:type\" content=\"article\" \/>\n<meta property=\"og:title\" content=\"Room Nila - Riad Dar Sarah\" \/>\n<meta property=\"og:description\" content=\"Discover Riad Dar Sarah on top of Taghazout, where timeless Moroccan design meets modern comfort for an unforgettable stay.\" \/>\n<meta property=\"og:url\" content=\"https:\/\/riaddarsarah.com\/fr\/accommodation\/nila\/\" \/>\n<meta property=\"og:site_name\" content=\"Riad Dar Sarah\" \/>\n<meta property=\"article:publisher\" content=\"https:\/\/www.facebook.com\/riaddarsarah\" \/>\n<meta property=\"article:modified_time\" content=\"2025-10-22T15:08:31+00:00\" \/>\n<meta property=\"og:image\" content=\"https:\/\/riaddarsarah.com\/wp-content\/uploads\/2024\/04\/DSC_8273-scaled.jpg\" \/>\n\t<meta property=\"og:image:width\" content=\"1707\" \/>\n\t<meta property=\"og:image:height\" content=\"2560\" \/>\n\t<meta property=\"og:image:type\" content=\"image\/jpeg\" \/>\n<meta name=\"twitter:card\" content=\"summary_large_image\" \/>\n<meta name=\"twitter:label1\" content=\"Dur\u00e9e de lecture estim\u00e9e\" \/>\n\t<meta name=\"twitter:data1\" content=\"1 minute\" \/>\n<script type=\"application\/ld+json\" class=\"yoast-schema-graph\">{\"@context\":\"https:\\\/\\\/schema.org\",\"@graph\":[{\"@type\":\"WebPage\",\"@id\":\"https:\\\/\\\/riaddarsarah.com\\\/accommodation\\\/nila\\\/\",\"url\":\"https:\\\/\\\/riaddarsarah.com\\\/accommodation\\\/nila\\\/\",\"name\":\"Room Nila - Riad Dar Sarah\",\"isPartOf\":{\"@id\":\"https:\\\/\\\/riaddarsarah.com\\\/#website\"},\"primaryImageOfPage\":{\"@id\":\"https:\\\/\\\/riaddarsarah.com\\\/accommodation\\\/nila\\\/#primaryimage\"},\"image\":{\"@id\":\"https:\\\/\\\/riaddarsarah.com\\\/accommodation\\\/nila\\\/#primaryimage\"},\"thumbnailUrl\":\"https:\\\/\\\/riaddarsarah.com\\\/wp-content\\\/uploads\\\/2024\\\/04\\\/DSC_8273-scaled.jpg\",\"datePublished\":\"2024-04-02T17:57:56+00:00\",\"dateModified\":\"2025-10-22T15:08:31+00:00\",\"description\":\"Discover Riad Dar Sarah on top of Taghazout, where timeless Moroccan design meets modern comfort for an unforgettable stay.\",\"breadcrumb\":{\"@id\":\"https:\\\/\\\/riaddarsarah.com\\\/accommodation\\\/nila\\\/#breadcrumb\"},\"inLanguage\":\"fr-FR\",\"potentialAction\":[{\"@type\":\"ReadAction\",\"target\":[\"https:\\\/\\\/riaddarsarah.com\\\/accommodation\\\/nila\\\/\"]}]},{\"@type\":\"ImageObject\",\"inLanguage\":\"fr-FR\",\"@id\":\"https:\\\/\\\/riaddarsarah.com\\\/accommodation\\\/nila\\\/#primaryimage\",\"url\":\"https:\\\/\\\/riaddarsarah.com\\\/wp-content\\\/uploads\\\/2024\\\/04\\\/DSC_8273-scaled.jpg\",\"contentUrl\":\"https:\\\/\\\/riaddarsarah.com\\\/wp-content\\\/uploads\\\/2024\\\/04\\\/DSC_8273-scaled.jpg\",\"width\":1707,\"height\":2560,\"caption\":\"Riad Dar Sarah\"},{\"@type\":\"BreadcrumbList\",\"@id\":\"https:\\\/\\\/riaddarsarah.com\\\/accommodation\\\/nila\\\/#breadcrumb\",\"itemListElement\":[{\"@type\":\"ListItem\",\"position\":1,\"name\":\"Home\",\"item\":\"https:\\\/\\\/riaddarsarah.com\\\/\"},{\"@type\":\"ListItem\",\"position\":2,\"name\":\"Our Rooms\",\"item\":\"https:\\\/\\\/riaddarsarah.com\\\/our-rooms\\\/\"},{\"@type\":\"ListItem\",\"position\":3,\"name\":\"Room Nila\"}]},{\"@type\":\"WebSite\",\"@id\":\"https:\\\/\\\/riaddarsarah.com\\\/#website\",\"url\":\"https:\\\/\\\/riaddarsarah.com\\\/\",\"name\":\"Riad Dar Sarah\",\"description\":\"Riad Taghazout\",\"publisher\":{\"@id\":\"https:\\\/\\\/riaddarsarah.com\\\/#organization\"},\"potentialAction\":[{\"@type\":\"SearchAction\",\"target\":{\"@type\":\"EntryPoint\",\"urlTemplate\":\"https:\\\/\\\/riaddarsarah.com\\\/?s={search_term_string}\"},\"query-input\":{\"@type\":\"PropertyValueSpecification\",\"valueRequired\":true,\"valueName\":\"search_term_string\"}}],\"inLanguage\":\"fr-FR\"},{\"@type\":\"Organization\",\"@id\":\"https:\\\/\\\/riaddarsarah.com\\\/#organization\",\"name\":\"Riad Dar Sarah\",\"url\":\"https:\\\/\\\/riaddarsarah.com\\\/\",\"logo\":{\"@type\":\"ImageObject\",\"inLanguage\":\"fr-FR\",\"@id\":\"https:\\\/\\\/riaddarsarah.com\\\/#\\\/schema\\\/logo\\\/image\\\/\",\"url\":\"https:\\\/\\\/riaddarsarah.com\\\/wp-content\\\/uploads\\\/2024\\\/04\\\/7.png\",\"contentUrl\":\"https:\\\/\\\/riaddarsarah.com\\\/wp-content\\\/uploads\\\/2024\\\/04\\\/7.png\",\"width\":4000,\"height\":3008,\"caption\":\"Riad Dar Sarah\"},\"image\":{\"@id\":\"https:\\\/\\\/riaddarsarah.com\\\/#\\\/schema\\\/logo\\\/image\\\/\"},\"sameAs\":[\"https:\\\/\\\/www.facebook.com\\\/riaddarsarah\",\"https:\\\/\\\/www.instagram.com\\\/riaddarsarah\\\/\"]}]}<\/script>\n<!-- \/ Yoast SEO plugin. -->","yoast_head_json":{"title":"Room Nila - Riad Dar Sarah","description":"D\u00e9couvrez le Riad Dar Sarah au sommet de Taghazout, o\u00f9 le design marocain intemporel rencontre le confort moderne pour un s\u00e9jour inoubliable.","robots":{"index":"index","follow":"follow","max-snippet":"max-snippet:-1","max-image-preview":"max-image-preview:large","max-video-preview":"max-video-preview:-1"},"canonical":"https:\/\/riaddarsarah.com\/fr\/accommodation\/nila\/","og_locale":"fr_FR","og_type":"article","og_title":"Room Nila - Riad Dar Sarah","og_description":"Discover Riad Dar Sarah on top of Taghazout, where timeless Moroccan design meets modern comfort for an unforgettable stay.","og_url":"https:\/\/riaddarsarah.com\/fr\/accommodation\/nila\/","og_site_name":"Riad Dar Sarah","article_publisher":"https:\/\/www.facebook.com\/riaddarsarah","article_modified_time":"2025-10-22T15:08:31+00:00","og_image":[{"width":1707,"height":2560,"url":"https:\/\/riaddarsarah.com\/wp-content\/uploads\/2024\/04\/DSC_8273-scaled.jpg","type":"image\/jpeg"}],"twitter_card":"summary_large_image","twitter_misc":{"Dur\u00e9e de lecture estim\u00e9e":"1 minute"},"schema":{"@context":"https:\/\/schema.org","@graph":[{"@type":"WebPage","@id":"https:\/\/riaddarsarah.com\/accommodation\/nila\/","url":"https:\/\/riaddarsarah.com\/accommodation\/nila\/","name":"Room Nila - Riad Dar Sarah","isPartOf":{"@id":"https:\/\/riaddarsarah.com\/#website"},"primaryImageOfPage":{"@id":"https:\/\/riaddarsarah.com\/accommodation\/nila\/#primaryimage"},"image":{"@id":"https:\/\/riaddarsarah.com\/accommodation\/nila\/#primaryimage"},"thumbnailUrl":"https:\/\/riaddarsarah.com\/wp-content\/uploads\/2024\/04\/DSC_8273-scaled.jpg","datePublished":"2024-04-02T17:57:56+00:00","dateModified":"2025-10-22T15:08:31+00:00","description":"D\u00e9couvrez le Riad Dar Sarah au sommet de Taghazout, o\u00f9 le design marocain intemporel rencontre le confort moderne pour un s\u00e9jour inoubliable.","breadcrumb":{"@id":"https:\/\/riaddarsarah.com\/accommodation\/nila\/#breadcrumb"},"inLanguage":"fr-FR","potentialAction":[{"@type":"ReadAction","target":["https:\/\/riaddarsarah.com\/accommodation\/nila\/"]}]},{"@type":"ImageObject","inLanguage":"fr-FR","@id":"https:\/\/riaddarsarah.com\/accommodation\/nila\/#primaryimage","url":"https:\/\/riaddarsarah.com\/wp-content\/uploads\/2024\/04\/DSC_8273-scaled.jpg","contentUrl":"https:\/\/riaddarsarah.com\/wp-content\/uploads\/2024\/04\/DSC_8273-scaled.jpg","width":1707,"height":2560,"caption":"Riad Dar Sarah"},{"@type":"BreadcrumbList","@id":"https:\/\/riaddarsarah.com\/accommodation\/nila\/#breadcrumb","itemListElement":[{"@type":"ListItem","position":1,"name":"Home","item":"https:\/\/riaddarsarah.com\/"},{"@type":"ListItem","position":2,"name":"Our Rooms","item":"https:\/\/riaddarsarah.com\/our-rooms\/"},{"@type":"ListItem","position":3,"name":"Room Nila"}]},{"@type":"WebSite","@id":"https:\/\/riaddarsarah.com\/#website","url":"https:\/\/riaddarsarah.com\/","name":"Riad Dar Sarah","description":"Riad Taghazout","publisher":{"@id":"https:\/\/riaddarsarah.com\/#organization"},"potentialAction":[{"@type":"SearchAction","target":{"@type":"EntryPoint","urlTemplate":"https:\/\/riaddarsarah.com\/?s={search_term_string}"},"query-input":{"@type":"PropertyValueSpecification","valueRequired":true,"valueName":"search_term_string"}}],"inLanguage":"fr-FR"},{"@type":"Organization","@id":"https:\/\/riaddarsarah.com\/#organization","name":"Riad Dar Sarah","url":"https:\/\/riaddarsarah.com\/","logo":{"@type":"ImageObject","inLanguage":"fr-FR","@id":"https:\/\/riaddarsarah.com\/#\/schema\/logo\/image\/","url":"https:\/\/riaddarsarah.com\/wp-content\/uploads\/2024\/04\/7.png","contentUrl":"https:\/\/riaddarsarah.com\/wp-content\/uploads\/2024\/04\/7.png","width":4000,"height":3008,"caption":"Riad Dar Sarah"},"image":{"@id":"https:\/\/riaddarsarah.com\/#\/schema\/logo\/image\/"},"sameAs":["https:\/\/www.facebook.com\/riaddarsarah","https:\/\/www.instagram.com\/riaddarsarah\/"]}]}},"_links":{"self":[{"href":"https:\/\/riaddarsarah.com\/fr\/wp-json\/wp\/v2\/product\/375","targetHints":{"allow":["GET"]}}],"collection":[{"href":"https:\/\/riaddarsarah.com\/fr\/wp-json\/wp\/v2\/product"}],"about":[{"href":"https:\/\/riaddarsarah.com\/fr\/wp-json\/wp\/v2\/types\/product"}],"wp:featuredmedia":[{"embeddable":true,"href":"https:\/\/riaddarsarah.com\/fr\/wp-json\/wp\/v2\/media\/351"}],"wp:attachment":[{"href":"https:\/\/riaddarsarah.com\/fr\/wp-json\/wp\/v2\/media?parent=375"}],"wp:term":[{"taxonomy":"product_brand","embeddable":true,"href":"https:\/\/riaddarsarah.com\/fr\/wp-json\/wp\/v2\/product_brand?post=375"},{"taxonomy":"product_cat","embeddable":true,"href":"https:\/\/riaddarsarah.com\/fr\/wp-json\/wp\/v2\/product_cat?post=375"},{"taxonomy":"product_tag","embeddable":true,"href":"https:\/\/riaddarsarah.com\/fr\/wp-json\/wp\/v2\/product_tag?post=375"}],"curies":[{"name":"wp","href":"https:\/\/api.w.org\/{rel}","templated":true}]}}