{"id":310,"date":"2024-03-17T14:57:55","date_gmt":"2024-03-17T14:57:55","guid":{"rendered":"https:\/\/riaddarsarah.com\/?page_id=310"},"modified":"2024-12-03T16:56:33","modified_gmt":"2024-12-03T16:56:33","slug":"contact-us","status":"publish","type":"page","link":"https:\/\/riaddarsarah.com\/fr\/contact-us\/","title":{"rendered":"Contact"},"content":{"rendered":"<div class=\"banner has-hover has-parallax\" id=\"banner-2131669441\">\n          <div class=\"banner-inner fill\">\n        <div class=\"banner-bg fill\" data-parallax=\"-6\" data-parallax-container=\".banner\" data-parallax-background>\n            <div class=\"bg fill bg-fill\"><\/div>\n                        <div class=\"overlay\"><\/div>            \n                    <\/div>\n\t\t\n        <div class=\"banner-layers container\">\n            <div class=\"fill banner-link\"><\/div>            \n\n   <div id=\"text-box-1820686834\" class=\"text-box banner-layer x50 md-x50 lg-x50 y50 md-y50 lg-y50 res-text\">\n                                <div class=\"text-box-content text dark\">\n              \n              <div class=\"text-inner text-center\">\n                  \n\n\t<div id=\"text-2142276964\" class=\"text\">\n\t\t\n\n<h2 class=\"uppercase\"><strong>Contactez-nous<\/strong><\/h2>\n\t\t\n<style>\n#text-2142276964 {\n  font-size: 0.8rem;\n}\n@media (min-width:550px) {\n  #text-2142276964 {\n    font-size: 1.1rem;\n  }\n}\n@media (min-width:850px) {\n  #text-2142276964 {\n    font-size: 1.1rem;\n  }\n}\n<\/style>\n\t<\/div>\n\t\n<p>Nous avons h\u00e2te d\u2019avoir de vos nouvelles.<\/p>\n\n              <\/div>\n           <\/div>\n                            \n<style>\n#text-box-1820686834 {\n  width: 60%;\n}\n#text-box-1820686834 .text-box-content {\n  font-size: 100%;\n}\n<\/style>\n    <\/div>\n \n\n        <\/div>\n      <\/div>\n\n            \n<style>\n#banner-2131669441 {\n  padding-top: 400px;\n}\n#banner-2131669441 .bg.bg-loaded {\n  background-image: url(https:\/\/riaddarsarah.com\/wp-content\/uploads\/2024\/03\/DSC_8051-1203x800.webp);\n}\n#banner-2131669441 .overlay {\n  background-color: rgba(0,0,0,.5);\n}\n#banner-2131669441 .bg {\n  background-position: 50% 90%;\n}\n<\/style>\n  <\/div>\n\n\n\t<section class=\"section\" id=\"section_401938437\">\n\t\t<div class=\"bg section-bg fill bg-fill  bg-loaded\" >\n\n\t\t\t\n\t\t\t\n\t\t\t\n\n\t\t<\/div>\n\n\t\t\n\n\t\t<div class=\"section-content relative\">\n\t\t\t\n\n\t<div id=\"gap-445021954\" class=\"gap-element clearfix\" style=\"display:block; height:auto;\">\n\t\t\n<style>\n#gap-445021954 {\n  padding-top: 50px;\n}\n<\/style>\n\t<\/div>\n\t\n\n<div class=\"row\"  id=\"row-40988013\">\n\n\n\t<div id=\"col-1950907133\" class=\"col small-12 large-12\"  >\n\t\t\t\t<div class=\"col-inner\"  >\n\t\t\t\n\t\t\t\n\n<div class=\"row row-collapse align-equal\"  id=\"row-646897062\">\n\n\n\t<div id=\"col-267204879\" class=\"col medium-12 small-12 large-6\"  >\n\t\t\t\t<div class=\"col-inner\"  >\n\t\t\t\n\t\t\t\n\n\n  <div class=\"banner has-hover\" id=\"banner-778338669\">\n          <div class=\"banner-inner fill\">\n        <div class=\"banner-bg fill\" >\n            <div class=\"bg fill bg-fill\"><\/div>\n                        <div class=\"overlay\"><\/div>            \n                    <\/div>\n\t\t\n        <div class=\"banner-layers container\">\n            <div class=\"fill banner-link\"><\/div>            \n\n   <div id=\"text-box-431230691\" class=\"text-box banner-layer x50 md-x50 lg-x50 y50 md-y50 lg-y50 res-text\">\n                                <div class=\"text-box-content text dark\">\n              \n              <div class=\"text-inner text-center\">\n                  \n\n\t<div id=\"text-2677292807\" class=\"text\">\n\t\t\n\n<p><strong>Adresse:<\/strong> Ait-Bihi, Taghazout, Maroc<\/p>\n<p><strong>Tel:<\/strong> +212 670 864 686<\/p>\n<p><strong>E-mail:<\/strong> contact@riaddarsarah.com<\/p>\n\t\t\n<style>\n#text-2677292807 {\n  font-size: 1rem;\n}\n<\/style>\n\t<\/div>\n\t\n\n              <\/div>\n           <\/div>\n                            \n<style>\n#text-box-431230691 {\n  width: 60%;\n}\n#text-box-431230691 .text-box-content {\n  font-size: 100%;\n}\n<\/style>\n    <\/div>\n \n\n        <\/div>\n      <\/div>\n\n            \n<style>\n#banner-778338669 {\n  padding-top: 99.99%;\n  background-color: rgb(255, 255, 255);\n}\n#banner-778338669 .bg.bg-loaded {\n  background-image: url(https:\/\/riaddarsarah.com\/wp-content\/uploads\/2024\/04\/DSC_8714-768x1154.jpg);\n}\n#banner-778338669 .overlay {\n  background-color: rgba(0,0,0,.5);\n}\n#banner-778338669 .bg {\n  background-position: 33% 50%;\n}\n@media (min-width:550px) {\n  #banner-778338669 {\n    padding-top: 600px;\n  }\n}\n<\/style>\n  <\/div>\n\n\n\n\t\t<\/div>\n\t\t\t\t\t<\/div>\n\n\t\n\n\t<div id=\"col-442767956\" class=\"col medium-12 small-12 large-6\"  >\n\t\t\t\t<div class=\"col-inner\"  >\n\t\t\t\n\t\t\t\n\n\n<div class=\"wpcf7 no-js\" id=\"wpcf7-f7-o1\" lang=\"en-US\" dir=\"ltr\" data-wpcf7-id=\"7\">\n<div class=\"screen-reader-response\"><p role=\"status\" aria-live=\"polite\" aria-atomic=\"true\"><\/p> <ul><\/ul><\/div>\n<form action=\"\/fr\/wp-json\/wp\/v2\/pages\/310#wpcf7-f7-o1\" method=\"post\" class=\"wpcf7-form init\" aria-label=\"Contact form\" novalidate=\"novalidate\" data-status=\"init\" data-trp-original-action=\"\/fr\/wp-json\/wp\/v2\/pages\/310#wpcf7-f7-o1\">\n<fieldset class=\"hidden-fields-container\"><input type=\"hidden\" name=\"_wpcf7\" value=\"7\" \/><input type=\"hidden\" name=\"_wpcf7_version\" value=\"6.1.5\" \/><input type=\"hidden\" name=\"_wpcf7_locale\" value=\"en_US\" \/><input type=\"hidden\" name=\"_wpcf7_unit_tag\" value=\"wpcf7-f7-o1\" \/><input type=\"hidden\" name=\"_wpcf7_container_post\" value=\"0\" \/><input type=\"hidden\" name=\"_wpcf7_posted_data_hash\" value=\"\" \/>\n<\/fieldset>\n<p><label> Votre nom *<br \/>\n<span class=\"wpcf7-form-control-wrap\" data-name=\"your-name\"><input size=\"40\" maxlength=\"400\" class=\"wpcf7-form-control wpcf7-text wpcf7-validates-as-required\" autocomplete=\"name\" aria-required=\"true\" aria-invalid=\"false\" value=\"\" type=\"text\" name=\"your-name\" \/><\/span> <\/label>\n<\/p>\n<p><label> Votre email *<br \/>\n<span class=\"wpcf7-form-control-wrap\" data-name=\"your-email\"><input size=\"40\" maxlength=\"400\" class=\"wpcf7-form-control wpcf7-email wpcf7-validates-as-required wpcf7-text wpcf7-validates-as-email\" autocomplete=\"email\" aria-required=\"true\" aria-invalid=\"false\" value=\"\" type=\"email\" name=\"your-email\" \/><\/span> <\/label>\n<\/p>\n<p><label> Votre message *<br \/>\n<span class=\"wpcf7-form-control-wrap\" data-name=\"your-message\"><textarea cols=\"40\" rows=\"10\" maxlength=\"2000\" class=\"wpcf7-form-control wpcf7-textarea wpcf7-validates-as-required\" aria-required=\"true\" aria-invalid=\"false\" name=\"your-message\"><\/textarea><\/span> <\/label>\n<\/p>\n<p><label><br \/>\n<img decoding=\"async\" src=\"https:\/\/riaddarsarah.com\/wp-content\/uploads\/2024\/04\/captcha-ex.png\" width=\"100px\" \/><br \/>\n<\/label>\n<\/p>\n<p><label><br \/>\n<span class=\"wpcf7-form-control-wrap\" data-name=\"quiz-851\"><label><span class=\"wpcf7-quiz-label\"><\/span> <input size=\"40\" class=\"wpcf7-form-control wpcf7-quiz\" autocomplete=\"off\" aria-required=\"true\" aria-invalid=\"false\" type=\"text\" name=\"quiz-851\" \/><\/label><input type=\"hidden\" name=\"_wpcf7_quiz_answer_quiz-851\" value=\"bf62eac92653c55567e5f282d1d70598\" \/><\/span><br \/>\n<\/label>\n<\/p>\n<p><input class=\"wpcf7-form-control wpcf7-submit has-spinner\" type=\"submit\" value=\"Soumettre\" \/>\n<\/p><div class=\"wpcf7-response-output\" aria-hidden=\"true\"><\/div>\n<input type=\"hidden\" name=\"trp-form-language\" value=\"fr\"\/><\/form>\n<\/div>\n\n\n\n\t\t<\/div>\n\t\t\t\t\n<style>\n#col-442767956 > .col-inner {\n  padding: 30px 30px 10px 30px;\n}\n@media (min-width:550px) {\n  #col-442767956 > .col-inner {\n    padding: 60px 60px 40px 60px;\n  }\n}\n@media (min-width:850px) {\n  #col-442767956 > .col-inner {\n    padding: 65px 60px 0px 60px;\n  }\n}\n<\/style>\n\t<\/div>\n\n\t\n\n\n<style>\n#row-646897062 > .col > .col-inner {\n  background-color: rgb(255, 255, 255);\n}\n<\/style>\n<\/div>\n\n\t\t<\/div>\n\t\t\t\t\t<\/div>\n\n\t\n\n<\/div>\n\n\t\t<\/div>\n\n\t\t\n<style>\n#section_401938437 {\n  padding-top: 40px;\n  padding-bottom: 40px;\n  background-color: rgb(237, 233, 227);\n}\n<\/style>\n\t<\/section>\n\t\n\t<section class=\"section\" id=\"section_952430854\">\n\t\t<div class=\"bg section-bg fill bg-fill  bg-loaded\" >\n\n\t\t\t\n\t\t\t\n\t\t\t\n\n\t\t<\/div>\n\n\t\t\n\n\t\t<div class=\"section-content relative\">\n\t\t\t\n\n<div class=\"row\"  id=\"row-623870401\">\n\n\n\t<div id=\"col-1563521545\" class=\"col small-12 large-12\"  >\n\t\t\t\t<div class=\"col-inner\"  >\n\t\t\t\n\t\t\t\n\n\n\n<iframe src=\"https:\/\/www.google.com\/maps\/embed?pb=!1m18!1m12!1m3!1d3435.5167408610446!2d-9.70860382574243!3d30.562954893820454!2m3!1f0!2f0!3f0!3m2!1i1024!2i768!4f13.1!3m3!1m2!1s0xdb24da87748bf77%3A0x8140350e61debf88!2sRiad%20Dar%20Sarah!5e0!3m2!1sen!2sma!4v1733244693645!5m2!1sen!2sma\" width=\"100%\" height=\"400\" style=\"border:0;\" allowfullscreen=\"\" loading=\"lazy\" referrerpolicy=\"no-referrer-when-downgrade\"><\/iframe>\n\n\t<div id=\"gap-1684746907\" class=\"gap-element clearfix\" style=\"display:block; height:auto;\">\n\t\t\n<style>\n#gap-1684746907 {\n  padding-top: 50px;\n}\n<\/style>\n\t<\/div>\n\t\n\n\n\t\t<\/div>\n\t\t\t\t\t<\/div>\n\n\t\n\n<\/div>\n\n\t\t<\/div>\n\n\t\t\n<style>\n#section_952430854 {\n  padding-top: 0px;\n  padding-bottom: 0px;\n  background-color: rgb(237, 233, 227);\n}\n<\/style>\n\t<\/section>","protected":false},"excerpt":{"rendered":"","protected":false},"author":1,"featured_media":350,"parent":0,"menu_order":0,"comment_status":"closed","ping_status":"closed","template":"page-blank.php","meta":{"footnotes":""},"class_list":["post-310","page","type-page","status-publish","has-post-thumbnail","hentry"],"yoast_head":"<!-- This site is optimized with the Yoast SEO plugin v27.6 - https:\/\/yoast.com\/product\/yoast-seo-wordpress\/ -->\n<title>Contact us - Riad Dar Sarah<\/title>\n<meta name=\"description\" content=\"Discover Riad Dar Sarah on top of Taghazout, where timeless Moroccan design meets modern comfort for an unforgettable stay.\" \/>\n<meta name=\"robots\" content=\"index, follow, max-snippet:-1, max-image-preview:large, max-video-preview:-1\" \/>\n<link rel=\"canonical\" href=\"https:\/\/riaddarsarah.com\/fr\/contact-us\/\" \/>\n<meta property=\"og:locale\" content=\"fr_FR\" \/>\n<meta property=\"og:type\" content=\"article\" \/>\n<meta property=\"og:title\" content=\"Contact us - Riad Dar Sarah\" \/>\n<meta property=\"og:description\" content=\"Discover Riad Dar Sarah on top of Taghazout, where timeless Moroccan design meets modern comfort for an unforgettable stay.\" \/>\n<meta property=\"og:url\" content=\"https:\/\/riaddarsarah.com\/fr\/contact-us\/\" \/>\n<meta property=\"og:site_name\" content=\"Riad Dar Sarah\" \/>\n<meta property=\"article:publisher\" content=\"https:\/\/www.facebook.com\/riaddarsarah\" \/>\n<meta property=\"article:modified_time\" content=\"2024-12-03T16:56:33+00:00\" \/>\n<meta property=\"og:image\" content=\"https:\/\/riaddarsarah.com\/wp-content\/uploads\/2024\/04\/s5d6f4qs5d6f.jpg\" \/>\n\t<meta property=\"og:image:width\" content=\"1624\" \/>\n\t<meta property=\"og:image:height\" content=\"2441\" \/>\n\t<meta property=\"og:image:type\" content=\"image\/jpeg\" \/>\n<meta name=\"twitter:card\" content=\"summary_large_image\" \/>\n<meta name=\"twitter:label1\" content=\"Dur\u00e9e de lecture estim\u00e9e\" \/>\n\t<meta name=\"twitter:data1\" content=\"1 minute\" \/>\n<script type=\"application\/ld+json\" class=\"yoast-schema-graph\">{\"@context\":\"https:\\\/\\\/schema.org\",\"@graph\":[{\"@type\":\"WebPage\",\"@id\":\"https:\\\/\\\/riaddarsarah.com\\\/contact-us\\\/\",\"url\":\"https:\\\/\\\/riaddarsarah.com\\\/contact-us\\\/\",\"name\":\"Contact us - Riad Dar Sarah\",\"isPartOf\":{\"@id\":\"https:\\\/\\\/riaddarsarah.com\\\/#website\"},\"primaryImageOfPage\":{\"@id\":\"https:\\\/\\\/riaddarsarah.com\\\/contact-us\\\/#primaryimage\"},\"image\":{\"@id\":\"https:\\\/\\\/riaddarsarah.com\\\/contact-us\\\/#primaryimage\"},\"thumbnailUrl\":\"https:\\\/\\\/riaddarsarah.com\\\/wp-content\\\/uploads\\\/2024\\\/04\\\/s5d6f4qs5d6f.jpg\",\"datePublished\":\"2024-03-17T14:57:55+00:00\",\"dateModified\":\"2024-12-03T16:56:33+00:00\",\"description\":\"Discover Riad Dar Sarah on top of Taghazout, where timeless Moroccan design meets modern comfort for an unforgettable stay.\",\"breadcrumb\":{\"@id\":\"https:\\\/\\\/riaddarsarah.com\\\/contact-us\\\/#breadcrumb\"},\"inLanguage\":\"fr-FR\",\"potentialAction\":[{\"@type\":\"ReadAction\",\"target\":[\"https:\\\/\\\/riaddarsarah.com\\\/contact-us\\\/\"]}]},{\"@type\":\"ImageObject\",\"inLanguage\":\"fr-FR\",\"@id\":\"https:\\\/\\\/riaddarsarah.com\\\/contact-us\\\/#primaryimage\",\"url\":\"https:\\\/\\\/riaddarsarah.com\\\/wp-content\\\/uploads\\\/2024\\\/04\\\/s5d6f4qs5d6f.jpg\",\"contentUrl\":\"https:\\\/\\\/riaddarsarah.com\\\/wp-content\\\/uploads\\\/2024\\\/04\\\/s5d6f4qs5d6f.jpg\",\"width\":1624,\"height\":2441,\"caption\":\"Riad Dar Sarah\"},{\"@type\":\"BreadcrumbList\",\"@id\":\"https:\\\/\\\/riaddarsarah.com\\\/contact-us\\\/#breadcrumb\",\"itemListElement\":[{\"@type\":\"ListItem\",\"position\":1,\"name\":\"Home\",\"item\":\"https:\\\/\\\/riaddarsarah.com\\\/\"},{\"@type\":\"ListItem\",\"position\":2,\"name\":\"Contact us\"}]},{\"@type\":\"WebSite\",\"@id\":\"https:\\\/\\\/riaddarsarah.com\\\/#website\",\"url\":\"https:\\\/\\\/riaddarsarah.com\\\/\",\"name\":\"Riad Dar Sarah\",\"description\":\"Riad Taghazout\",\"publisher\":{\"@id\":\"https:\\\/\\\/riaddarsarah.com\\\/#organization\"},\"potentialAction\":[{\"@type\":\"SearchAction\",\"target\":{\"@type\":\"EntryPoint\",\"urlTemplate\":\"https:\\\/\\\/riaddarsarah.com\\\/?s={search_term_string}\"},\"query-input\":{\"@type\":\"PropertyValueSpecification\",\"valueRequired\":true,\"valueName\":\"search_term_string\"}}],\"inLanguage\":\"fr-FR\"},{\"@type\":\"Organization\",\"@id\":\"https:\\\/\\\/riaddarsarah.com\\\/#organization\",\"name\":\"Riad Dar Sarah\",\"url\":\"https:\\\/\\\/riaddarsarah.com\\\/\",\"logo\":{\"@type\":\"ImageObject\",\"inLanguage\":\"fr-FR\",\"@id\":\"https:\\\/\\\/riaddarsarah.com\\\/#\\\/schema\\\/logo\\\/image\\\/\",\"url\":\"https:\\\/\\\/riaddarsarah.com\\\/wp-content\\\/uploads\\\/2024\\\/04\\\/7.png\",\"contentUrl\":\"https:\\\/\\\/riaddarsarah.com\\\/wp-content\\\/uploads\\\/2024\\\/04\\\/7.png\",\"width\":4000,\"height\":3008,\"caption\":\"Riad Dar Sarah\"},\"image\":{\"@id\":\"https:\\\/\\\/riaddarsarah.com\\\/#\\\/schema\\\/logo\\\/image\\\/\"},\"sameAs\":[\"https:\\\/\\\/www.facebook.com\\\/riaddarsarah\",\"https:\\\/\\\/www.instagram.com\\\/riaddarsarah\\\/\"]}]}<\/script>\n<!-- \/ Yoast SEO plugin. -->","yoast_head_json":{"title":"Contact us - Riad Dar Sarah","description":"D\u00e9couvrez le Riad Dar Sarah au sommet de Taghazout, o\u00f9 le design marocain intemporel rencontre le confort moderne pour un s\u00e9jour inoubliable.","robots":{"index":"index","follow":"follow","max-snippet":"max-snippet:-1","max-image-preview":"max-image-preview:large","max-video-preview":"max-video-preview:-1"},"canonical":"https:\/\/riaddarsarah.com\/fr\/contact-us\/","og_locale":"fr_FR","og_type":"article","og_title":"Contact us - Riad Dar Sarah","og_description":"Discover Riad Dar Sarah on top of Taghazout, where timeless Moroccan design meets modern comfort for an unforgettable stay.","og_url":"https:\/\/riaddarsarah.com\/fr\/contact-us\/","og_site_name":"Riad Dar Sarah","article_publisher":"https:\/\/www.facebook.com\/riaddarsarah","article_modified_time":"2024-12-03T16:56:33+00:00","og_image":[{"width":1624,"height":2441,"url":"https:\/\/riaddarsarah.com\/wp-content\/uploads\/2024\/04\/s5d6f4qs5d6f.jpg","type":"image\/jpeg"}],"twitter_card":"summary_large_image","twitter_misc":{"Dur\u00e9e de lecture estim\u00e9e":"1 minute"},"schema":{"@context":"https:\/\/schema.org","@graph":[{"@type":"WebPage","@id":"https:\/\/riaddarsarah.com\/contact-us\/","url":"https:\/\/riaddarsarah.com\/contact-us\/","name":"Contact us - Riad Dar Sarah","isPartOf":{"@id":"https:\/\/riaddarsarah.com\/#website"},"primaryImageOfPage":{"@id":"https:\/\/riaddarsarah.com\/contact-us\/#primaryimage"},"image":{"@id":"https:\/\/riaddarsarah.com\/contact-us\/#primaryimage"},"thumbnailUrl":"https:\/\/riaddarsarah.com\/wp-content\/uploads\/2024\/04\/s5d6f4qs5d6f.jpg","datePublished":"2024-03-17T14:57:55+00:00","dateModified":"2024-12-03T16:56:33+00:00","description":"D\u00e9couvrez le Riad Dar Sarah au sommet de Taghazout, o\u00f9 le design marocain intemporel rencontre le confort moderne pour un s\u00e9jour inoubliable.","breadcrumb":{"@id":"https:\/\/riaddarsarah.com\/contact-us\/#breadcrumb"},"inLanguage":"fr-FR","potentialAction":[{"@type":"ReadAction","target":["https:\/\/riaddarsarah.com\/contact-us\/"]}]},{"@type":"ImageObject","inLanguage":"fr-FR","@id":"https:\/\/riaddarsarah.com\/contact-us\/#primaryimage","url":"https:\/\/riaddarsarah.com\/wp-content\/uploads\/2024\/04\/s5d6f4qs5d6f.jpg","contentUrl":"https:\/\/riaddarsarah.com\/wp-content\/uploads\/2024\/04\/s5d6f4qs5d6f.jpg","width":1624,"height":2441,"caption":"Riad Dar Sarah"},{"@type":"BreadcrumbList","@id":"https:\/\/riaddarsarah.com\/contact-us\/#breadcrumb","itemListElement":[{"@type":"ListItem","position":1,"name":"Home","item":"https:\/\/riaddarsarah.com\/"},{"@type":"ListItem","position":2,"name":"Contact us"}]},{"@type":"WebSite","@id":"https:\/\/riaddarsarah.com\/#website","url":"https:\/\/riaddarsarah.com\/","name":"Riad Dar Sarah","description":"Riad Taghazout","publisher":{"@id":"https:\/\/riaddarsarah.com\/#organization"},"potentialAction":[{"@type":"SearchAction","target":{"@type":"EntryPoint","urlTemplate":"https:\/\/riaddarsarah.com\/?s={search_term_string}"},"query-input":{"@type":"PropertyValueSpecification","valueRequired":true,"valueName":"search_term_string"}}],"inLanguage":"fr-FR"},{"@type":"Organization","@id":"https:\/\/riaddarsarah.com\/#organization","name":"Riad Dar Sarah","url":"https:\/\/riaddarsarah.com\/","logo":{"@type":"ImageObject","inLanguage":"fr-FR","@id":"https:\/\/riaddarsarah.com\/#\/schema\/logo\/image\/","url":"https:\/\/riaddarsarah.com\/wp-content\/uploads\/2024\/04\/7.png","contentUrl":"https:\/\/riaddarsarah.com\/wp-content\/uploads\/2024\/04\/7.png","width":4000,"height":3008,"caption":"Riad Dar Sarah"},"image":{"@id":"https:\/\/riaddarsarah.com\/#\/schema\/logo\/image\/"},"sameAs":["https:\/\/www.facebook.com\/riaddarsarah","https:\/\/www.instagram.com\/riaddarsarah\/"]}]}},"_links":{"self":[{"href":"https:\/\/riaddarsarah.com\/fr\/wp-json\/wp\/v2\/pages\/310","targetHints":{"allow":["GET"]}}],"collection":[{"href":"https:\/\/riaddarsarah.com\/fr\/wp-json\/wp\/v2\/pages"}],"about":[{"href":"https:\/\/riaddarsarah.com\/fr\/wp-json\/wp\/v2\/types\/page"}],"author":[{"embeddable":true,"href":"https:\/\/riaddarsarah.com\/fr\/wp-json\/wp\/v2\/users\/1"}],"replies":[{"embeddable":true,"href":"https:\/\/riaddarsarah.com\/fr\/wp-json\/wp\/v2\/comments?post=310"}],"version-history":[{"count":13,"href":"https:\/\/riaddarsarah.com\/fr\/wp-json\/wp\/v2\/pages\/310\/revisions"}],"predecessor-version":[{"id":622,"href":"https:\/\/riaddarsarah.com\/fr\/wp-json\/wp\/v2\/pages\/310\/revisions\/622"}],"wp:featuredmedia":[{"embeddable":true,"href":"https:\/\/riaddarsarah.com\/fr\/wp-json\/wp\/v2\/media\/350"}],"wp:attachment":[{"href":"https:\/\/riaddarsarah.com\/fr\/wp-json\/wp\/v2\/media?parent=310"}],"curies":[{"name":"wp","href":"https:\/\/api.w.org\/{rel}","templated":true}]}}