{"id":305,"date":"2024-03-17T14:54:47","date_gmt":"2024-03-17T14:54:47","guid":{"rendered":"https:\/\/riaddarsarah.com\/?page_id=305"},"modified":"2024-05-24T13:41:13","modified_gmt":"2024-05-24T13:41:13","slug":"about-us","status":"publish","type":"page","link":"https:\/\/riaddarsarah.com\/fr\/about-us\/","title":{"rendered":"\u00c0 propos"},"content":{"rendered":"<div class=\"banner has-hover has-parallax\" id=\"banner-1399378176\">\n          <div class=\"banner-inner fill\">\n        <div class=\"banner-bg fill\" data-parallax=\"-6\" data-parallax-container=\".banner\" data-parallax-background>\n            <div class=\"bg fill bg-fill\"><\/div>\n                        <div class=\"overlay\"><\/div>            \n                    <\/div>\n\t\t\n        <div class=\"banner-layers container\">\n            <div class=\"fill banner-link\"><\/div>            \n\n   <div id=\"text-box-1522754309\" class=\"text-box banner-layer x50 md-x50 lg-x50 y50 md-y50 lg-y50 res-text\">\n                                <div class=\"text-box-content text dark\">\n              \n              <div class=\"text-inner text-center\">\n                  \n\n\t<div id=\"text-1927254859\" class=\"text\">\n\t\t\n\n<h2 class=\"uppercase\"><strong>\u00c0 propos<\/strong><\/h2>\n\t\t\n<style>\n#text-1927254859 {\n  font-size: 0.8rem;\n}\n@media (min-width:550px) {\n  #text-1927254859 {\n    font-size: 1.1rem;\n  }\n}\n@media (min-width:850px) {\n  #text-1927254859 {\n    font-size: 1.1rem;\n  }\n}\n<\/style>\n\t<\/div>\n\t\n<p>LA MAISON EST L\u00c0 O\u00d9 VOTRE C\u0152UR SE SENT \u00c0 L'AISE<\/p>\n\n              <\/div>\n           <\/div>\n                            \n<style>\n#text-box-1522754309 {\n  width: 60%;\n}\n#text-box-1522754309 .text-box-content {\n  font-size: 100%;\n}\n<\/style>\n    <\/div>\n \n\n        <\/div>\n      <\/div>\n\n            \n<style>\n#banner-1399378176 {\n  padding-top: 400px;\n}\n#banner-1399378176 .bg.bg-loaded {\n  background-image: url(https:\/\/riaddarsarah.com\/wp-content\/uploads\/2024\/03\/DSC_7745-1200x800.webp);\n}\n#banner-1399378176 .overlay {\n  background-color: rgba(0,0,0,.5);\n}\n#banner-1399378176 .bg {\n  background-position: 50% 90%;\n}\n<\/style>\n  <\/div>\n\n\n\t<section class=\"section\" id=\"section_757778333\">\n\t\t<div class=\"bg section-bg fill bg-fill  bg-loaded\" >\n\n\t\t\t\n\t\t\t\n\t\t\t\n\n\t\t<\/div>\n\n\t\t\n\n\t\t<div class=\"section-content relative\">\n\t\t\t\n\n\t<div id=\"gap-1754257512\" class=\"gap-element clearfix\" style=\"display:block; height:auto;\">\n\t\t\n<style>\n#gap-1754257512 {\n  padding-top: 30px;\n}\n<\/style>\n\t<\/div>\n\t\n\n<div class=\"row align-right\"  id=\"row-1009782186\">\n\n\n\t<div id=\"col-1276770796\" class=\"col medium-12 small-12 large-10\"  >\n\t\t\t\t<div class=\"col-inner\"  >\n\t\t\t\n\t\t\t\n\n\n  <div class=\"banner has-hover\" id=\"banner-211479584\">\n          <div class=\"banner-inner fill\">\n        <div class=\"banner-bg fill\" >\n            <div class=\"bg fill bg-fill\"><\/div>\n                                    \n                    <\/div>\n\t\t\n        <div class=\"banner-layers container\">\n            <div class=\"fill banner-link\"><\/div>            \n\n   <div id=\"text-box-1645597231\" class=\"text-box banner-layer x50 md-x50 lg-x50 y50 md-y50 lg-y50 res-text\">\n                                <div class=\"text-box-content text dark\">\n              \n              <div class=\"text-inner text-center\">\n                  \n\n\n              <\/div>\n           <\/div>\n                            \n<style>\n#text-box-1645597231 {\n  width: 60%;\n}\n#text-box-1645597231 .text-box-content {\n  font-size: 100%;\n}\n<\/style>\n    <\/div>\n \n\n        <\/div>\n      <\/div>\n\n            \n<style>\n#banner-211479584 {\n  padding-top: 300px;\n  background-color: rgba(255, 255, 255, 0);\n}\n#banner-211479584 .bg.bg-loaded {\n  background-image: url(https:\/\/riaddarsarah.com\/wp-content\/uploads\/2024\/03\/DSC_8051-768x511.webp);\n}\n@media (min-width:550px) {\n  #banner-211479584 {\n    padding-top: 460px;\n  }\n}\n<\/style>\n  <\/div>\n\n\n\n\t\t<\/div>\n\t\t\t\t\t<\/div>\n\n\t\n\n<\/div>\n<div class=\"row\"  id=\"row-216557639\">\n\n\n\t<div id=\"col-293882293\" class=\"col medium-7 small-12 large-7\"  >\n\t\t\t\t<div class=\"col-inner\" style=\"background-color:rgba(255, 255, 255, 0.9);\" >\n\t\t\t\n\t\t\t\n\n\t<div id=\"text-2431451880\" class=\"text\">\n\t\t\n\n<h2>Bienvenue au Riad Dar Sarah<\/h2>\n\t\t\n<style>\n#text-2431451880 {\n  font-size: 1.25rem;\n}\n@media (min-width:550px) {\n  #text-2431451880 {\n    font-size: 1.5rem;\n  }\n}\n<\/style>\n\t<\/div>\n\t\n<p>Sarah est le nom de ma fille, Dar est l'arabe marocain et signifie maison.<br \/>Notre riad est synonyme de famille, de communaut\u00e9, d'amour, d'ouverture et de partage. Nous partageons avec vous notre amour pour notre pays, notre gastronomie et notre culture.<br \/>Notre objectif est de vous faire sentir aussi \u00e0 l'aise que si vous aviez toujours \u00e9t\u00e9 chez vous ici.<br \/>Nous avons grandi dans des cultures diff\u00e9rentes, une famille \u00e9largie marocaine, ainsi que dans l'ordre, la structure et la pr\u00e9cision allemandes, et le plaisir fran\u00e7ais, les pieds sur la terre africaine. Nous sommes un m\u00e9lange color\u00e9, tout le monde est le bienvenu ici.<\/p>\n\n\t\t<\/div>\n\t\t\t\t\n<style>\n#col-293882293 > .col-inner {\n  padding: 0px 0px 0 0px;\n  margin: 0-20px 0px 0px 0px;\n}\n@media (min-width:550px) {\n  #col-293882293 > .col-inner {\n    padding: 8% 5% 5% 5%;\n    margin: -230px 0px 0px 40px;\n  }\n}\n@media (min-width:850px) {\n  #col-293882293 > .col-inner {\n    padding: 8% 5% 5% 0;\n    margin: -429px 0px 0px 0px;\n  }\n}\n<\/style>\n\t<\/div>\n\n\t\n\n<\/div>\n\n\t\t<\/div>\n\n\t\t\n<style>\n#section_757778333 {\n  padding-top: 30px;\n  padding-bottom: 30px;\n  margin-bottom: -40px;\n  min-height: 0px;\n}\n@media (min-width:850px) {\n  #section_757778333 {\n    padding-top: 100px;\n    padding-bottom: 100px;\n  }\n}\n<\/style>\n\t<\/section>\n\t\n\t<section class=\"section\" id=\"section_1950969172\">\n\t\t<div class=\"bg section-bg fill bg-fill  bg-loaded\" >\n\n\t\t\t\n\t\t\t\n\t\t\t\n\n\t\t<\/div>\n\n\t\t\n\n\t\t<div class=\"section-content relative\">\n\t\t\t\n\n\t<div id=\"gap-615774821\" class=\"gap-element clearfix\" style=\"display:block; height:auto;\">\n\t\t\n<style>\n#gap-615774821 {\n  padding-top: 30px;\n}\n<\/style>\n\t<\/div>\n\t\n\n<div class=\"row align-middle\"  id=\"row-2045131014\">\n\n\n\t<div id=\"col-144721155\" class=\"col medium-12 small-12 large-6\"  >\n\t\t\t\t<div class=\"col-inner\"  >\n\t\t\t\n\t\t\t\n\n\n  <div class=\"banner has-hover\" id=\"banner-1695167924\">\n          <div class=\"banner-inner fill\">\n        <div class=\"banner-bg fill\" >\n            <div class=\"bg fill bg-fill\"><\/div>\n                                    \n                    <\/div>\n\t\t\n        <div class=\"banner-layers container\">\n            <div class=\"fill banner-link\"><\/div>            \n\n\n        <\/div>\n      <\/div>\n\n            \n<style>\n#banner-1695167924 {\n  padding-top: 300px;\n  background-color: rgba(255, 255, 255, 0);\n}\n#banner-1695167924 .bg.bg-loaded {\n  background-image: url(https:\/\/riaddarsarah.com\/wp-content\/uploads\/2024\/05\/WhatsApp-Image-2024-05-04-at-16.30.19-768x1024.jpeg);\n}\n#banner-1695167924 .bg {\n  background-position: 1000% 40%;\n}\n@media (min-width:550px) {\n  #banner-1695167924 {\n    padding-top: 375px;\n  }\n}\n@media (min-width:850px) {\n  #banner-1695167924 {\n    padding-top: 450px;\n  }\n}\n<\/style>\n  <\/div>\n\n\n\n\t\t<\/div>\n\t\t\t\t\t<\/div>\n\n\t\n\n\t<div id=\"col-807704609\" class=\"col medium-12 small-12 large-6\"  >\n\t\t\t\t<div class=\"col-inner\"  >\n\t\t\t\n\t\t\t\n\n\t<div id=\"gap-654460129\" class=\"gap-element clearfix\" style=\"display:block; height:auto;\">\n\t\t\n<style>\n#gap-654460129 {\n  padding-top: 0px;\n}\n@media (min-width:850px) {\n  #gap-654460129 {\n    padding-top: 30px;\n  }\n}\n<\/style>\n\t<\/div>\n\t\n\n\t<div id=\"text-4235896851\" class=\"text\">\n\t\t\n\n<h2>SUR MOI<\/h2>\n\t\t\n<style>\n#text-4235896851 {\n  font-size: 1.25rem;\n}\n<\/style>\n\t<\/div>\n\t\n<p>Je m'appelle Saida, j'aime la vie, les gens et g\u00e2ter mes invit\u00e9s du monde entier avec de la bonne nourriture.<\/p>\n<p>Ayant grandi au Maroc, j\u2019ai appris la cuisine traditionnelle de ma m\u00e8re quand j\u2019\u00e9tais enfant. J'ai toujours aim\u00e9 apporter mes id\u00e9es dans ma cuisine et cr\u00e9er des recettes compl\u00e8tement nouvelles. Ayant pass\u00e9 de nombreuses ann\u00e9es en Allemagne et b\u00e9n\u00e9ficiant de l'influence de la culture fran\u00e7aise dans mon pays d'origine, je d\u00e9crirais ma cuisine comme saine, d\u00e9licieuse et multiculturelle.<\/p>\n<p>Laissez-moi vous faire plaisir, que vous soyez v\u00e9g\u00e9talien, v\u00e9g\u00e9tarien ou flexitarian, chacun trouvera son plaisir avec moi.<\/p>\n<p>J'ai h\u00e2te de vous g\u00e2ter.<\/p>\n\n\n\t\t<\/div>\n\t\t\t\t\n<style>\n#col-807704609 > .col-inner {\n  padding: 0px 0 0px 0px;\n  margin: 0px 0px 0px 0px;\n}\n@media (min-width:550px) {\n  #col-807704609 > .col-inner {\n    padding: 0px 15% 0px 0px;\n    margin: 0px 0px 0px 15px;\n  }\n}\n<\/style>\n\t<\/div>\n\n\t\n\n<\/div>\n\n\t\t<\/div>\n\n\t\t\n<style>\n#section_1950969172 {\n  padding-top: 15px;\n  padding-bottom: 15px;\n  background-color: rgb(247, 246, 242);\n}\n@media (min-width:550px) {\n  #section_1950969172 {\n    padding-top: 30px;\n    padding-bottom: 30px;\n  }\n}\n@media (min-width:850px) {\n  #section_1950969172 {\n    padding-top: 70px;\n    padding-bottom: 70px;\n  }\n}\n<\/style>\n\t<\/section>\n\t\n\t<section class=\"section\" id=\"section_239279299\">\n\t\t<div class=\"bg section-bg fill bg-fill  bg-loaded\" >\n\n\t\t\t\n\t\t\t\n\t\t\t\n\n\t\t<\/div>\n\n\t\t\n\n\t\t<div class=\"section-content relative\">\n\t\t\t\n\n<div class=\"row align-right\"  id=\"row-720066706\">\n\n\n\t<div id=\"col-1147560061\" class=\"col medium-9 small-12 large-9\"  >\n\t\t\t\t<div class=\"col-inner\"  >\n\t\t\t\n\t\t\t\n\n\n  <div class=\"banner has-hover\" id=\"banner-1310902762\">\n          <div class=\"banner-inner fill\">\n        <div class=\"banner-bg fill\" >\n            <div class=\"bg fill bg-fill\"><\/div>\n                                    \n                    <\/div>\n\t\t\n        <div class=\"banner-layers container\">\n            <div class=\"fill banner-link\"><\/div>            \n\n\n        <\/div>\n      <\/div>\n\n            \n<style>\n#banner-1310902762 {\n  padding-top: 300px;\n  background-color: rgba(255, 255, 255, 0);\n}\n#banner-1310902762 .bg.bg-loaded {\n  background-image: url(https:\/\/riaddarsarah.com\/wp-content\/uploads\/2024\/05\/Teamwork-768x512.jpg);\n}\n@media (min-width:550px) {\n  #banner-1310902762 {\n    padding-top: 500px;\n  }\n}\n<\/style>\n  <\/div>\n\n\n\n\t\t<\/div>\n\t\t\t\t\n<style>\n#col-1147560061 > .col-inner {\n  margin: 0px 0px -55px 0px;\n}\n<\/style>\n\t<\/div>\n\n\t\n\n<\/div>\n<div class=\"row\"  id=\"row-856945937\">\n\n\n\t<div id=\"col-36915611\" class=\"col medium-7 small-12 large-6\"  >\n\t\t\t\t<div class=\"col-inner\" style=\"background-color:rgba(255, 255, 255, 0.9);\" >\n\t\t\t\n\t\t\t\n\n\t<div id=\"text-4221686623\" class=\"text\">\n\t\t\n\n<h2>LE TRAVAIL D'\u00c9QUIPE EST UN TRAVAIL DE R\u00caVE<\/h2>\n\t\t\n<style>\n#text-4221686623 {\n  font-size: 1.25rem;\n}\n<\/style>\n\t<\/div>\n\t\n<p>Le Riad Dar Sarah donne une tr\u00e8s grande importance au travail d\u2019\u00e9quipe.<br \/>Chaque employ\u00e9 du Riad travaille avec dignit\u00e9, ind\u00e9pendance et enthousiasme.\nLes besoins de chacun passent avant tout.<br \/>Vous allez le constater durant votre s\u00e9jour au Riad Dar Sarah.\nNous avons h\u00e2te de vous recevoir et de r\u00e9aliser des souvenirs ensemble.<\/p>\n\n\t\t<\/div>\n\t\t\t\t\n<style>\n#col-36915611 > .col-inner {\n  padding: 30px 0px 20px 0px;\n  margin: 25px 0px 0px 0px;\n}\n@media (min-width:550px) {\n  #col-36915611 > .col-inner {\n    padding: 10% 10% 8% 10%;\n    margin: -428px 0px 0px 0px;\n  }\n}\n<\/style>\n\t<\/div>\n\n\t\n\n<\/div>\n\t<div id=\"gap-188031365\" class=\"gap-element clearfix\" style=\"display:block; height:auto;\">\n\t\t\n<style>\n#gap-188031365 {\n  padding-top: 30px;\n}\n<\/style>\n\t<\/div>\n\t\n\n\n\t\t<\/div>\n\n\t\t\n<style>\n#section_239279299 {\n  padding-top: 50px;\n  padding-bottom: 50px;\n}\n@media (min-width:850px) {\n  #section_239279299 {\n    padding-top: 100px;\n    padding-bottom: 100px;\n  }\n}\n<\/style>\n\t<\/section>","protected":false},"excerpt":{"rendered":"","protected":false},"author":1,"featured_media":290,"parent":0,"menu_order":0,"comment_status":"closed","ping_status":"closed","template":"page-blank.php","meta":{"footnotes":""},"class_list":["post-305","page","type-page","status-publish","has-post-thumbnail","hentry"],"yoast_head":"<!-- This site is optimized with the Yoast SEO plugin v27.5 - https:\/\/yoast.com\/product\/yoast-seo-wordpress\/ -->\n<title>About us - Riad Dar Sarah<\/title>\n<meta name=\"description\" content=\"Discover Riad Dar Sarah on top of Taghazout, where timeless Moroccan design meets modern comfort for an unforgettable stay.\" \/>\n<meta name=\"robots\" content=\"index, follow, max-snippet:-1, max-image-preview:large, max-video-preview:-1\" \/>\n<link rel=\"canonical\" href=\"https:\/\/riaddarsarah.com\/fr\/about-us\/\" \/>\n<meta property=\"og:locale\" content=\"fr_FR\" \/>\n<meta property=\"og:type\" content=\"article\" \/>\n<meta property=\"og:title\" content=\"About us - Riad Dar Sarah\" \/>\n<meta property=\"og:description\" content=\"Discover Riad Dar Sarah on top of Taghazout, where timeless Moroccan design meets modern comfort for an unforgettable stay.\" \/>\n<meta property=\"og:url\" content=\"https:\/\/riaddarsarah.com\/fr\/about-us\/\" \/>\n<meta property=\"og:site_name\" content=\"Riad Dar Sarah\" \/>\n<meta property=\"article:publisher\" content=\"https:\/\/www.facebook.com\/riaddarsarah\" \/>\n<meta property=\"article:modified_time\" content=\"2024-05-24T13:41:13+00:00\" \/>\n<meta property=\"og:image\" content=\"https:\/\/riaddarsarah.com\/wp-content\/uploads\/2024\/03\/DSC_7745.webp\" \/>\n\t<meta property=\"og:image:width\" content=\"1800\" \/>\n\t<meta property=\"og:image:height\" content=\"1200\" \/>\n\t<meta property=\"og:image:type\" content=\"image\/webp\" \/>\n<meta name=\"twitter:card\" content=\"summary_large_image\" \/>\n<meta name=\"twitter:label1\" content=\"Dur\u00e9e de lecture estim\u00e9e\" \/>\n\t<meta name=\"twitter:data1\" content=\"3 minutes\" \/>\n<script type=\"application\/ld+json\" class=\"yoast-schema-graph\">{\"@context\":\"https:\\\/\\\/schema.org\",\"@graph\":[{\"@type\":\"WebPage\",\"@id\":\"https:\\\/\\\/riaddarsarah.com\\\/about-us\\\/\",\"url\":\"https:\\\/\\\/riaddarsarah.com\\\/about-us\\\/\",\"name\":\"About us - Riad Dar Sarah\",\"isPartOf\":{\"@id\":\"https:\\\/\\\/riaddarsarah.com\\\/#website\"},\"primaryImageOfPage\":{\"@id\":\"https:\\\/\\\/riaddarsarah.com\\\/about-us\\\/#primaryimage\"},\"image\":{\"@id\":\"https:\\\/\\\/riaddarsarah.com\\\/about-us\\\/#primaryimage\"},\"thumbnailUrl\":\"https:\\\/\\\/riaddarsarah.com\\\/wp-content\\\/uploads\\\/2024\\\/03\\\/DSC_7745.webp\",\"datePublished\":\"2024-03-17T14:54:47+00:00\",\"dateModified\":\"2024-05-24T13:41:13+00:00\",\"description\":\"Discover Riad Dar Sarah on top of Taghazout, where timeless Moroccan design meets modern comfort for an unforgettable stay.\",\"breadcrumb\":{\"@id\":\"https:\\\/\\\/riaddarsarah.com\\\/about-us\\\/#breadcrumb\"},\"inLanguage\":\"fr-FR\",\"potentialAction\":[{\"@type\":\"ReadAction\",\"target\":[\"https:\\\/\\\/riaddarsarah.com\\\/about-us\\\/\"]}]},{\"@type\":\"ImageObject\",\"inLanguage\":\"fr-FR\",\"@id\":\"https:\\\/\\\/riaddarsarah.com\\\/about-us\\\/#primaryimage\",\"url\":\"https:\\\/\\\/riaddarsarah.com\\\/wp-content\\\/uploads\\\/2024\\\/03\\\/DSC_7745.webp\",\"contentUrl\":\"https:\\\/\\\/riaddarsarah.com\\\/wp-content\\\/uploads\\\/2024\\\/03\\\/DSC_7745.webp\",\"width\":1800,\"height\":1200,\"caption\":\"Riad Dar Sarah\"},{\"@type\":\"BreadcrumbList\",\"@id\":\"https:\\\/\\\/riaddarsarah.com\\\/about-us\\\/#breadcrumb\",\"itemListElement\":[{\"@type\":\"ListItem\",\"position\":1,\"name\":\"Home\",\"item\":\"https:\\\/\\\/riaddarsarah.com\\\/\"},{\"@type\":\"ListItem\",\"position\":2,\"name\":\"About us\"}]},{\"@type\":\"WebSite\",\"@id\":\"https:\\\/\\\/riaddarsarah.com\\\/#website\",\"url\":\"https:\\\/\\\/riaddarsarah.com\\\/\",\"name\":\"Riad Dar Sarah\",\"description\":\"Riad Taghazout\",\"publisher\":{\"@id\":\"https:\\\/\\\/riaddarsarah.com\\\/#organization\"},\"potentialAction\":[{\"@type\":\"SearchAction\",\"target\":{\"@type\":\"EntryPoint\",\"urlTemplate\":\"https:\\\/\\\/riaddarsarah.com\\\/?s={search_term_string}\"},\"query-input\":{\"@type\":\"PropertyValueSpecification\",\"valueRequired\":true,\"valueName\":\"search_term_string\"}}],\"inLanguage\":\"fr-FR\"},{\"@type\":\"Organization\",\"@id\":\"https:\\\/\\\/riaddarsarah.com\\\/#organization\",\"name\":\"Riad Dar Sarah\",\"url\":\"https:\\\/\\\/riaddarsarah.com\\\/\",\"logo\":{\"@type\":\"ImageObject\",\"inLanguage\":\"fr-FR\",\"@id\":\"https:\\\/\\\/riaddarsarah.com\\\/#\\\/schema\\\/logo\\\/image\\\/\",\"url\":\"https:\\\/\\\/riaddarsarah.com\\\/wp-content\\\/uploads\\\/2024\\\/04\\\/7.png\",\"contentUrl\":\"https:\\\/\\\/riaddarsarah.com\\\/wp-content\\\/uploads\\\/2024\\\/04\\\/7.png\",\"width\":4000,\"height\":3008,\"caption\":\"Riad Dar Sarah\"},\"image\":{\"@id\":\"https:\\\/\\\/riaddarsarah.com\\\/#\\\/schema\\\/logo\\\/image\\\/\"},\"sameAs\":[\"https:\\\/\\\/www.facebook.com\\\/riaddarsarah\",\"https:\\\/\\\/www.instagram.com\\\/riaddarsarah\\\/\"]}]}<\/script>\n<!-- \/ Yoast SEO plugin. -->","yoast_head_json":{"title":"About us - Riad Dar Sarah","description":"D\u00e9couvrez le Riad Dar Sarah au sommet de Taghazout, o\u00f9 le design marocain intemporel rencontre le confort moderne pour un s\u00e9jour inoubliable.","robots":{"index":"index","follow":"follow","max-snippet":"max-snippet:-1","max-image-preview":"max-image-preview:large","max-video-preview":"max-video-preview:-1"},"canonical":"https:\/\/riaddarsarah.com\/fr\/about-us\/","og_locale":"fr_FR","og_type":"article","og_title":"About us - Riad Dar Sarah","og_description":"Discover Riad Dar Sarah on top of Taghazout, where timeless Moroccan design meets modern comfort for an unforgettable stay.","og_url":"https:\/\/riaddarsarah.com\/fr\/about-us\/","og_site_name":"Riad Dar Sarah","article_publisher":"https:\/\/www.facebook.com\/riaddarsarah","article_modified_time":"2024-05-24T13:41:13+00:00","og_image":[{"width":1800,"height":1200,"url":"https:\/\/riaddarsarah.com\/wp-content\/uploads\/2024\/03\/DSC_7745.webp","type":"image\/webp"}],"twitter_card":"summary_large_image","twitter_misc":{"Dur\u00e9e de lecture estim\u00e9e":"3 minutes"},"schema":{"@context":"https:\/\/schema.org","@graph":[{"@type":"WebPage","@id":"https:\/\/riaddarsarah.com\/about-us\/","url":"https:\/\/riaddarsarah.com\/about-us\/","name":"About us - Riad Dar Sarah","isPartOf":{"@id":"https:\/\/riaddarsarah.com\/#website"},"primaryImageOfPage":{"@id":"https:\/\/riaddarsarah.com\/about-us\/#primaryimage"},"image":{"@id":"https:\/\/riaddarsarah.com\/about-us\/#primaryimage"},"thumbnailUrl":"https:\/\/riaddarsarah.com\/wp-content\/uploads\/2024\/03\/DSC_7745.webp","datePublished":"2024-03-17T14:54:47+00:00","dateModified":"2024-05-24T13:41:13+00:00","description":"D\u00e9couvrez le Riad Dar Sarah au sommet de Taghazout, o\u00f9 le design marocain intemporel rencontre le confort moderne pour un s\u00e9jour inoubliable.","breadcrumb":{"@id":"https:\/\/riaddarsarah.com\/about-us\/#breadcrumb"},"inLanguage":"fr-FR","potentialAction":[{"@type":"ReadAction","target":["https:\/\/riaddarsarah.com\/about-us\/"]}]},{"@type":"ImageObject","inLanguage":"fr-FR","@id":"https:\/\/riaddarsarah.com\/about-us\/#primaryimage","url":"https:\/\/riaddarsarah.com\/wp-content\/uploads\/2024\/03\/DSC_7745.webp","contentUrl":"https:\/\/riaddarsarah.com\/wp-content\/uploads\/2024\/03\/DSC_7745.webp","width":1800,"height":1200,"caption":"Riad Dar Sarah"},{"@type":"BreadcrumbList","@id":"https:\/\/riaddarsarah.com\/about-us\/#breadcrumb","itemListElement":[{"@type":"ListItem","position":1,"name":"Home","item":"https:\/\/riaddarsarah.com\/"},{"@type":"ListItem","position":2,"name":"About us"}]},{"@type":"WebSite","@id":"https:\/\/riaddarsarah.com\/#website","url":"https:\/\/riaddarsarah.com\/","name":"Riad Dar Sarah","description":"Riad Taghazout","publisher":{"@id":"https:\/\/riaddarsarah.com\/#organization"},"potentialAction":[{"@type":"SearchAction","target":{"@type":"EntryPoint","urlTemplate":"https:\/\/riaddarsarah.com\/?s={search_term_string}"},"query-input":{"@type":"PropertyValueSpecification","valueRequired":true,"valueName":"search_term_string"}}],"inLanguage":"fr-FR"},{"@type":"Organization","@id":"https:\/\/riaddarsarah.com\/#organization","name":"Riad Dar Sarah","url":"https:\/\/riaddarsarah.com\/","logo":{"@type":"ImageObject","inLanguage":"fr-FR","@id":"https:\/\/riaddarsarah.com\/#\/schema\/logo\/image\/","url":"https:\/\/riaddarsarah.com\/wp-content\/uploads\/2024\/04\/7.png","contentUrl":"https:\/\/riaddarsarah.com\/wp-content\/uploads\/2024\/04\/7.png","width":4000,"height":3008,"caption":"Riad Dar Sarah"},"image":{"@id":"https:\/\/riaddarsarah.com\/#\/schema\/logo\/image\/"},"sameAs":["https:\/\/www.facebook.com\/riaddarsarah","https:\/\/www.instagram.com\/riaddarsarah\/"]}]}},"_links":{"self":[{"href":"https:\/\/riaddarsarah.com\/fr\/wp-json\/wp\/v2\/pages\/305","targetHints":{"allow":["GET"]}}],"collection":[{"href":"https:\/\/riaddarsarah.com\/fr\/wp-json\/wp\/v2\/pages"}],"about":[{"href":"https:\/\/riaddarsarah.com\/fr\/wp-json\/wp\/v2\/types\/page"}],"author":[{"embeddable":true,"href":"https:\/\/riaddarsarah.com\/fr\/wp-json\/wp\/v2\/users\/1"}],"replies":[{"embeddable":true,"href":"https:\/\/riaddarsarah.com\/fr\/wp-json\/wp\/v2\/comments?post=305"}],"version-history":[{"count":22,"href":"https:\/\/riaddarsarah.com\/fr\/wp-json\/wp\/v2\/pages\/305\/revisions"}],"predecessor-version":[{"id":561,"href":"https:\/\/riaddarsarah.com\/fr\/wp-json\/wp\/v2\/pages\/305\/revisions\/561"}],"wp:featuredmedia":[{"embeddable":true,"href":"https:\/\/riaddarsarah.com\/fr\/wp-json\/wp\/v2\/media\/290"}],"wp:attachment":[{"href":"https:\/\/riaddarsarah.com\/fr\/wp-json\/wp\/v2\/media?parent=305"}],"curies":[{"name":"wp","href":"https:\/\/api.w.org\/{rel}","templated":true}]}}