{"id":305,"date":"2024-03-17T14:54:47","date_gmt":"2024-03-17T14:54:47","guid":{"rendered":"https:\/\/riaddarsarah.com\/?page_id=305"},"modified":"2024-05-24T13:41:13","modified_gmt":"2024-05-24T13:41:13","slug":"about-us","status":"publish","type":"page","link":"https:\/\/riaddarsarah.com\/de\/about-us\/","title":{"rendered":"\u00dcber uns"},"content":{"rendered":"<div class=\"banner has-hover has-parallax\" id=\"banner-461944696\">\n          <div class=\"banner-inner fill\">\n        <div class=\"banner-bg fill\" data-parallax=\"-6\" data-parallax-container=\".banner\" data-parallax-background>\n            <div class=\"bg fill bg-fill\"><\/div>\n                        <div class=\"overlay\"><\/div>            \n                    <\/div>\n\t\t\n        <div class=\"banner-layers container\">\n            <div class=\"fill banner-link\"><\/div>            \n\n   <div id=\"text-box-2100624826\" class=\"text-box banner-layer x50 md-x50 lg-x50 y50 md-y50 lg-y50 res-text\">\n                                <div class=\"text-box-content text dark\">\n              \n              <div class=\"text-inner text-center\">\n                  \n\n\t<div id=\"text-1863784569\" class=\"text\">\n\t\t\n\n<h2 class=\"uppercase\"><strong>\u00dcBER UNS<\/strong><\/h2>\n\t\t\n<style>\n#text-1863784569 {\n  font-size: 0.8rem;\n}\n@media (min-width:550px) {\n  #text-1863784569 {\n    font-size: 1.1rem;\n  }\n}\n@media (min-width:850px) {\n  #text-1863784569 {\n    font-size: 1.1rem;\n  }\n}\n<\/style>\n\t<\/div>\n\t\n<p>Zuhause ist, wo sich Ihr Herz wohlf\u00fchlt<\/p>\n\n              <\/div>\n           <\/div>\n                            \n<style>\n#text-box-2100624826 {\n  width: 60%;\n}\n#text-box-2100624826 .text-box-content {\n  font-size: 100%;\n}\n<\/style>\n    <\/div>\n \n\n        <\/div>\n      <\/div>\n\n            \n<style>\n#banner-461944696 {\n  padding-top: 400px;\n}\n#banner-461944696 .bg.bg-loaded {\n  background-image: url(https:\/\/riaddarsarah.com\/wp-content\/uploads\/2024\/03\/DSC_7745-1200x800.webp);\n}\n#banner-461944696 .overlay {\n  background-color: rgba(0,0,0,.5);\n}\n#banner-461944696 .bg {\n  background-position: 50% 90%;\n}\n<\/style>\n  <\/div>\n\n\n\t<section class=\"section\" id=\"section_1041469833\">\n\t\t<div class=\"bg section-bg fill bg-fill  bg-loaded\" >\n\n\t\t\t\n\t\t\t\n\t\t\t\n\n\t\t<\/div>\n\n\t\t\n\n\t\t<div class=\"section-content relative\">\n\t\t\t\n\n\t<div id=\"gap-516111536\" class=\"gap-element clearfix\" style=\"display:block; height:auto;\">\n\t\t\n<style>\n#gap-516111536 {\n  padding-top: 30px;\n}\n<\/style>\n\t<\/div>\n\t\n\n<div class=\"row align-right\"  id=\"row-2089506693\">\n\n\n\t<div id=\"col-1686360997\" class=\"col medium-12 small-12 large-10\"  >\n\t\t\t\t<div class=\"col-inner\"  >\n\t\t\t\n\t\t\t\n\n\n  <div class=\"banner has-hover\" id=\"banner-598584652\">\n          <div class=\"banner-inner fill\">\n        <div class=\"banner-bg fill\" >\n            <div class=\"bg fill bg-fill\"><\/div>\n                                    \n                    <\/div>\n\t\t\n        <div class=\"banner-layers container\">\n            <div class=\"fill banner-link\"><\/div>            \n\n   <div id=\"text-box-435273434\" class=\"text-box banner-layer x50 md-x50 lg-x50 y50 md-y50 lg-y50 res-text\">\n                                <div class=\"text-box-content text dark\">\n              \n              <div class=\"text-inner text-center\">\n                  \n\n\n              <\/div>\n           <\/div>\n                            \n<style>\n#text-box-435273434 {\n  width: 60%;\n}\n#text-box-435273434 .text-box-content {\n  font-size: 100%;\n}\n<\/style>\n    <\/div>\n \n\n        <\/div>\n      <\/div>\n\n            \n<style>\n#banner-598584652 {\n  padding-top: 300px;\n  background-color: rgba(255, 255, 255, 0);\n}\n#banner-598584652 .bg.bg-loaded {\n  background-image: url(https:\/\/riaddarsarah.com\/wp-content\/uploads\/2024\/03\/DSC_8051-768x511.webp);\n}\n@media (min-width:550px) {\n  #banner-598584652 {\n    padding-top: 460px;\n  }\n}\n<\/style>\n  <\/div>\n\n\n\n\t\t<\/div>\n\t\t\t\t\t<\/div>\n\n\t\n\n<\/div>\n<div class=\"row\"  id=\"row-282066227\">\n\n\n\t<div id=\"col-276666583\" class=\"col medium-7 small-12 large-7\"  >\n\t\t\t\t<div class=\"col-inner\" style=\"background-color:rgba(255, 255, 255, 0.9);\" >\n\t\t\t\n\t\t\t\n\n\t<div id=\"text-296741017\" class=\"text\">\n\t\t\n\n<h2>WILLKOMMEN IM RIAD DAR SARAH<\/h2>\n\t\t\n<style>\n#text-296741017 {\n  font-size: 1.25rem;\n}\n@media (min-width:550px) {\n  #text-296741017 {\n    font-size: 1.5rem;\n  }\n}\n<\/style>\n\t<\/div>\n\t\n<p>Sarah ist der Name meiner Tochter, Dar ist marokkanisch-arabisch und bedeutet Haus.<br \/>Unser Riad steht f\u00fcr Familie, Gemeinschaft, Liebe, Offenheit und Teilen. Wir teilen mit Ihnen unsere Liebe zu unserem Land, unserem Essen und unserer Kultur.<br \/>Unser Ziel ist es, dass Sie sich so wohl f\u00fchlen, als w\u00e4ren Sie schon immer hier zu Hause gewesen.<br \/>Wir sind in unterschiedlichen Kulturen aufgewachsen, einer marokkanischen Gro\u00dffamilie, ebenso wie in deutscher Ordnung, Struktur und Pr\u00e4zision und franz\u00f6sischer Lebensfreude, mit den F\u00fc\u00dfen auf der afrikanischen Erde. Wir sind eine bunte Mischung, jeder ist bei uns willkommen.<\/p>\n\n\t\t<\/div>\n\t\t\t\t\n<style>\n#col-276666583 > .col-inner {\n  padding: 0px 0px 0 0px;\n  margin: 0-20px 0px 0px 0px;\n}\n@media (min-width:550px) {\n  #col-276666583 > .col-inner {\n    padding: 8% 5% 5% 5%;\n    margin: -230px 0px 0px 40px;\n  }\n}\n@media (min-width:850px) {\n  #col-276666583 > .col-inner {\n    padding: 8% 5% 5% 0;\n    margin: -429px 0px 0px 0px;\n  }\n}\n<\/style>\n\t<\/div>\n\n\t\n\n<\/div>\n\n\t\t<\/div>\n\n\t\t\n<style>\n#section_1041469833 {\n  padding-top: 30px;\n  padding-bottom: 30px;\n  margin-bottom: -40px;\n  min-height: 0px;\n}\n@media (min-width:850px) {\n  #section_1041469833 {\n    padding-top: 100px;\n    padding-bottom: 100px;\n  }\n}\n<\/style>\n\t<\/section>\n\t\n\t<section class=\"section\" id=\"section_600610828\">\n\t\t<div class=\"bg section-bg fill bg-fill  bg-loaded\" >\n\n\t\t\t\n\t\t\t\n\t\t\t\n\n\t\t<\/div>\n\n\t\t\n\n\t\t<div class=\"section-content relative\">\n\t\t\t\n\n\t<div id=\"gap-799723775\" class=\"gap-element clearfix\" style=\"display:block; height:auto;\">\n\t\t\n<style>\n#gap-799723775 {\n  padding-top: 30px;\n}\n<\/style>\n\t<\/div>\n\t\n\n<div class=\"row align-middle\"  id=\"row-1821471200\">\n\n\n\t<div id=\"col-723592940\" class=\"col medium-12 small-12 large-6\"  >\n\t\t\t\t<div class=\"col-inner\"  >\n\t\t\t\n\t\t\t\n\n\n  <div class=\"banner has-hover\" id=\"banner-1731576193\">\n          <div class=\"banner-inner fill\">\n        <div class=\"banner-bg fill\" >\n            <div class=\"bg fill bg-fill\"><\/div>\n                                    \n                    <\/div>\n\t\t\n        <div class=\"banner-layers container\">\n            <div class=\"fill banner-link\"><\/div>            \n\n\n        <\/div>\n      <\/div>\n\n            \n<style>\n#banner-1731576193 {\n  padding-top: 300px;\n  background-color: rgba(255, 255, 255, 0);\n}\n#banner-1731576193 .bg.bg-loaded {\n  background-image: url(https:\/\/riaddarsarah.com\/wp-content\/uploads\/2024\/05\/WhatsApp-Image-2024-05-04-at-16.30.19-768x1024.jpeg);\n}\n#banner-1731576193 .bg {\n  background-position: 1000% 40%;\n}\n@media (min-width:550px) {\n  #banner-1731576193 {\n    padding-top: 375px;\n  }\n}\n@media (min-width:850px) {\n  #banner-1731576193 {\n    padding-top: 450px;\n  }\n}\n<\/style>\n  <\/div>\n\n\n\n\t\t<\/div>\n\t\t\t\t\t<\/div>\n\n\t\n\n\t<div id=\"col-197580321\" class=\"col medium-12 small-12 large-6\"  >\n\t\t\t\t<div class=\"col-inner\"  >\n\t\t\t\n\t\t\t\n\n\t<div id=\"gap-431908832\" class=\"gap-element clearfix\" style=\"display:block; height:auto;\">\n\t\t\n<style>\n#gap-431908832 {\n  padding-top: 0px;\n}\n@media (min-width:850px) {\n  #gap-431908832 {\n    padding-top: 30px;\n  }\n}\n<\/style>\n\t<\/div>\n\t\n\n\t<div id=\"text-878013684\" class=\"text\">\n\t\t\n\n<h2>\u00dcBER MICH<\/h2>\n\t\t\n<style>\n#text-878013684 {\n  font-size: 1.25rem;\n}\n<\/style>\n\t<\/div>\n\t\n<p>Mein Name ist Saida, ich liebe das Leben, die Menschen und es, meine G\u00e4ste aus aller Welt mit gro\u00dfartigem Essen zu verw\u00f6hnen.<\/p>\n<p>Aufgewachsen in Marokko, lernte ich schon als Kind die traditionelle K\u00fcche meiner Mutter. Ich habe es immer geliebt, meine eigenen Ideen in meine K\u00fcche einzubringen und v\u00f6llig neue Rezepte zu kreieren. Da ich viele Jahre in Deutschland verbracht habe und die franz\u00f6sische Kultur in meinem Heimatland gepr\u00e4gt war, w\u00fcrde ich meine K\u00fcche als gesund, lecker und multikulturell beschreiben.<\/p>\n<p>Lass Dich von mir verw\u00f6hnen, egal ob vegan, vegetarisch, Fisch oder Fleisch, bei mir kommt jeder auf seine Kosten.<\/p>\n<p>Ich freue mich, Sie verw\u00f6hnen zu d\u00fcrfen.<\/p>\n\n\n\t\t<\/div>\n\t\t\t\t\n<style>\n#col-197580321 > .col-inner {\n  padding: 0px 0 0px 0px;\n  margin: 0px 0px 0px 0px;\n}\n@media (min-width:550px) {\n  #col-197580321 > .col-inner {\n    padding: 0px 15% 0px 0px;\n    margin: 0px 0px 0px 15px;\n  }\n}\n<\/style>\n\t<\/div>\n\n\t\n\n<\/div>\n\n\t\t<\/div>\n\n\t\t\n<style>\n#section_600610828 {\n  padding-top: 15px;\n  padding-bottom: 15px;\n  background-color: rgb(247, 246, 242);\n}\n@media (min-width:550px) {\n  #section_600610828 {\n    padding-top: 30px;\n    padding-bottom: 30px;\n  }\n}\n@media (min-width:850px) {\n  #section_600610828 {\n    padding-top: 70px;\n    padding-bottom: 70px;\n  }\n}\n<\/style>\n\t<\/section>\n\t\n\t<section class=\"section\" id=\"section_132222940\">\n\t\t<div class=\"bg section-bg fill bg-fill  bg-loaded\" >\n\n\t\t\t\n\t\t\t\n\t\t\t\n\n\t\t<\/div>\n\n\t\t\n\n\t\t<div class=\"section-content relative\">\n\t\t\t\n\n<div class=\"row align-right\"  id=\"row-997275186\">\n\n\n\t<div id=\"col-591343848\" class=\"col medium-9 small-12 large-9\"  >\n\t\t\t\t<div class=\"col-inner\"  >\n\t\t\t\n\t\t\t\n\n\n  <div class=\"banner has-hover\" id=\"banner-1922234563\">\n          <div class=\"banner-inner fill\">\n        <div class=\"banner-bg fill\" >\n            <div class=\"bg fill bg-fill\"><\/div>\n                                    \n                    <\/div>\n\t\t\n        <div class=\"banner-layers container\">\n            <div class=\"fill banner-link\"><\/div>            \n\n\n        <\/div>\n      <\/div>\n\n            \n<style>\n#banner-1922234563 {\n  padding-top: 300px;\n  background-color: rgba(255, 255, 255, 0);\n}\n#banner-1922234563 .bg.bg-loaded {\n  background-image: url(https:\/\/riaddarsarah.com\/wp-content\/uploads\/2024\/05\/Teamwork-768x512.jpg);\n}\n@media (min-width:550px) {\n  #banner-1922234563 {\n    padding-top: 500px;\n  }\n}\n<\/style>\n  <\/div>\n\n\n\n\t\t<\/div>\n\t\t\t\t\n<style>\n#col-591343848 > .col-inner {\n  margin: 0px 0px -55px 0px;\n}\n<\/style>\n\t<\/div>\n\n\t\n\n<\/div>\n<div class=\"row\"  id=\"row-1837153945\">\n\n\n\t<div id=\"col-318741146\" class=\"col medium-7 small-12 large-6\"  >\n\t\t\t\t<div class=\"col-inner\" style=\"background-color:rgba(255, 255, 255, 0.9);\" >\n\t\t\t\n\t\t\t\n\n\t<div id=\"text-4182836481\" class=\"text\">\n\t\t\n\n<h2>TEAMARBEIT IST TRAUMARBEIT<\/h2>\n\t\t\n<style>\n#text-4182836481 {\n  font-size: 1.25rem;\n}\n<\/style>\n\t<\/div>\n\t\n<p>Riad Dar Sarah legt gro\u00dfen Wert auf Teamarbeit, bei der jeder Mensch gleich viel z\u00e4hlt.<br \/>Bei Dar Sarah arbeitet jeder Mitarbeiter mit ganzem Herzen und eigenverantwortlich. Eine gute Kommunikation und die Bed\u00fcrfnisse aller stehen an erster Stelle.<br \/>Das werden Sie merken, wenn Sie bei uns zu Gast sind. Wir alle freuen uns darauf, Sie bei uns begr\u00fc\u00dfen zu d\u00fcrfen und gemeinsam sch\u00f6ne Erinnerungen zu schaffen.<\/p>\n\n\t\t<\/div>\n\t\t\t\t\n<style>\n#col-318741146 > .col-inner {\n  padding: 30px 0px 20px 0px;\n  margin: 25px 0px 0px 0px;\n}\n@media (min-width:550px) {\n  #col-318741146 > .col-inner {\n    padding: 10% 10% 8% 10%;\n    margin: -428px 0px 0px 0px;\n  }\n}\n<\/style>\n\t<\/div>\n\n\t\n\n<\/div>\n\t<div id=\"gap-2054097471\" class=\"gap-element clearfix\" style=\"display:block; height:auto;\">\n\t\t\n<style>\n#gap-2054097471 {\n  padding-top: 30px;\n}\n<\/style>\n\t<\/div>\n\t\n\n\n\t\t<\/div>\n\n\t\t\n<style>\n#section_132222940 {\n  padding-top: 50px;\n  padding-bottom: 50px;\n}\n@media (min-width:850px) {\n  #section_132222940 {\n    padding-top: 100px;\n    padding-bottom: 100px;\n  }\n}\n<\/style>\n\t<\/section>","protected":false},"excerpt":{"rendered":"","protected":false},"author":1,"featured_media":290,"parent":0,"menu_order":0,"comment_status":"closed","ping_status":"closed","template":"page-blank.php","meta":{"footnotes":""},"class_list":["post-305","page","type-page","status-publish","has-post-thumbnail","hentry"],"yoast_head":"<!-- This site is optimized with the Yoast SEO plugin v27.5 - https:\/\/yoast.com\/product\/yoast-seo-wordpress\/ -->\n<title>About us - Riad Dar Sarah<\/title>\n<meta name=\"description\" content=\"Discover Riad Dar Sarah on top of Taghazout, where timeless Moroccan design meets modern comfort for an unforgettable stay.\" \/>\n<meta name=\"robots\" content=\"index, follow, max-snippet:-1, max-image-preview:large, max-video-preview:-1\" \/>\n<link rel=\"canonical\" href=\"https:\/\/riaddarsarah.com\/de\/about-us\/\" \/>\n<meta property=\"og:locale\" content=\"de_DE\" \/>\n<meta property=\"og:type\" content=\"article\" \/>\n<meta property=\"og:title\" content=\"About us - Riad Dar Sarah\" \/>\n<meta property=\"og:description\" content=\"Discover Riad Dar Sarah on top of Taghazout, where timeless Moroccan design meets modern comfort for an unforgettable stay.\" \/>\n<meta property=\"og:url\" content=\"https:\/\/riaddarsarah.com\/de\/about-us\/\" \/>\n<meta property=\"og:site_name\" content=\"Riad Dar Sarah\" \/>\n<meta property=\"article:publisher\" content=\"https:\/\/www.facebook.com\/riaddarsarah\" \/>\n<meta property=\"article:modified_time\" content=\"2024-05-24T13:41:13+00:00\" \/>\n<meta property=\"og:image\" content=\"https:\/\/riaddarsarah.com\/wp-content\/uploads\/2024\/03\/DSC_7745.webp\" \/>\n\t<meta property=\"og:image:width\" content=\"1800\" \/>\n\t<meta property=\"og:image:height\" content=\"1200\" \/>\n\t<meta property=\"og:image:type\" content=\"image\/webp\" \/>\n<meta name=\"twitter:card\" content=\"summary_large_image\" \/>\n<meta name=\"twitter:label1\" content=\"Gesch\u00e4tzte Lesezeit\" \/>\n\t<meta name=\"twitter:data1\" content=\"3\u00a0Minuten\" \/>\n<script type=\"application\/ld+json\" class=\"yoast-schema-graph\">{\"@context\":\"https:\\\/\\\/schema.org\",\"@graph\":[{\"@type\":\"WebPage\",\"@id\":\"https:\\\/\\\/riaddarsarah.com\\\/about-us\\\/\",\"url\":\"https:\\\/\\\/riaddarsarah.com\\\/about-us\\\/\",\"name\":\"About us - Riad Dar Sarah\",\"isPartOf\":{\"@id\":\"https:\\\/\\\/riaddarsarah.com\\\/#website\"},\"primaryImageOfPage\":{\"@id\":\"https:\\\/\\\/riaddarsarah.com\\\/about-us\\\/#primaryimage\"},\"image\":{\"@id\":\"https:\\\/\\\/riaddarsarah.com\\\/about-us\\\/#primaryimage\"},\"thumbnailUrl\":\"https:\\\/\\\/riaddarsarah.com\\\/wp-content\\\/uploads\\\/2024\\\/03\\\/DSC_7745.webp\",\"datePublished\":\"2024-03-17T14:54:47+00:00\",\"dateModified\":\"2024-05-24T13:41:13+00:00\",\"description\":\"Discover Riad Dar Sarah on top of Taghazout, where timeless Moroccan design meets modern comfort for an unforgettable stay.\",\"breadcrumb\":{\"@id\":\"https:\\\/\\\/riaddarsarah.com\\\/about-us\\\/#breadcrumb\"},\"inLanguage\":\"de\",\"potentialAction\":[{\"@type\":\"ReadAction\",\"target\":[\"https:\\\/\\\/riaddarsarah.com\\\/about-us\\\/\"]}]},{\"@type\":\"ImageObject\",\"inLanguage\":\"de\",\"@id\":\"https:\\\/\\\/riaddarsarah.com\\\/about-us\\\/#primaryimage\",\"url\":\"https:\\\/\\\/riaddarsarah.com\\\/wp-content\\\/uploads\\\/2024\\\/03\\\/DSC_7745.webp\",\"contentUrl\":\"https:\\\/\\\/riaddarsarah.com\\\/wp-content\\\/uploads\\\/2024\\\/03\\\/DSC_7745.webp\",\"width\":1800,\"height\":1200,\"caption\":\"Riad Dar Sarah\"},{\"@type\":\"BreadcrumbList\",\"@id\":\"https:\\\/\\\/riaddarsarah.com\\\/about-us\\\/#breadcrumb\",\"itemListElement\":[{\"@type\":\"ListItem\",\"position\":1,\"name\":\"Home\",\"item\":\"https:\\\/\\\/riaddarsarah.com\\\/\"},{\"@type\":\"ListItem\",\"position\":2,\"name\":\"About us\"}]},{\"@type\":\"WebSite\",\"@id\":\"https:\\\/\\\/riaddarsarah.com\\\/#website\",\"url\":\"https:\\\/\\\/riaddarsarah.com\\\/\",\"name\":\"Riad Dar Sarah\",\"description\":\"Riad Taghazout\",\"publisher\":{\"@id\":\"https:\\\/\\\/riaddarsarah.com\\\/#organization\"},\"potentialAction\":[{\"@type\":\"SearchAction\",\"target\":{\"@type\":\"EntryPoint\",\"urlTemplate\":\"https:\\\/\\\/riaddarsarah.com\\\/?s={search_term_string}\"},\"query-input\":{\"@type\":\"PropertyValueSpecification\",\"valueRequired\":true,\"valueName\":\"search_term_string\"}}],\"inLanguage\":\"de\"},{\"@type\":\"Organization\",\"@id\":\"https:\\\/\\\/riaddarsarah.com\\\/#organization\",\"name\":\"Riad Dar Sarah\",\"url\":\"https:\\\/\\\/riaddarsarah.com\\\/\",\"logo\":{\"@type\":\"ImageObject\",\"inLanguage\":\"de\",\"@id\":\"https:\\\/\\\/riaddarsarah.com\\\/#\\\/schema\\\/logo\\\/image\\\/\",\"url\":\"https:\\\/\\\/riaddarsarah.com\\\/wp-content\\\/uploads\\\/2024\\\/04\\\/7.png\",\"contentUrl\":\"https:\\\/\\\/riaddarsarah.com\\\/wp-content\\\/uploads\\\/2024\\\/04\\\/7.png\",\"width\":4000,\"height\":3008,\"caption\":\"Riad Dar Sarah\"},\"image\":{\"@id\":\"https:\\\/\\\/riaddarsarah.com\\\/#\\\/schema\\\/logo\\\/image\\\/\"},\"sameAs\":[\"https:\\\/\\\/www.facebook.com\\\/riaddarsarah\",\"https:\\\/\\\/www.instagram.com\\\/riaddarsarah\\\/\"]}]}<\/script>\n<!-- \/ Yoast SEO plugin. -->","yoast_head_json":{"title":"About us - Riad Dar Sarah","description":"Entdecken Sie das Riad Dar Sarah auf dem Gipfel von Taghazout, wo zeitloses marokkanisches Design auf modernen Komfort trifft und f\u00fcr einen unvergesslichen Aufenthalt sorgt.","robots":{"index":"index","follow":"follow","max-snippet":"max-snippet:-1","max-image-preview":"max-image-preview:large","max-video-preview":"max-video-preview:-1"},"canonical":"https:\/\/riaddarsarah.com\/de\/about-us\/","og_locale":"de_DE","og_type":"article","og_title":"About us - Riad Dar Sarah","og_description":"Discover Riad Dar Sarah on top of Taghazout, where timeless Moroccan design meets modern comfort for an unforgettable stay.","og_url":"https:\/\/riaddarsarah.com\/de\/about-us\/","og_site_name":"Riad Dar Sarah","article_publisher":"https:\/\/www.facebook.com\/riaddarsarah","article_modified_time":"2024-05-24T13:41:13+00:00","og_image":[{"width":1800,"height":1200,"url":"https:\/\/riaddarsarah.com\/wp-content\/uploads\/2024\/03\/DSC_7745.webp","type":"image\/webp"}],"twitter_card":"summary_large_image","twitter_misc":{"Gesch\u00e4tzte Lesezeit":"3\u00a0Minuten"},"schema":{"@context":"https:\/\/schema.org","@graph":[{"@type":"WebPage","@id":"https:\/\/riaddarsarah.com\/about-us\/","url":"https:\/\/riaddarsarah.com\/about-us\/","name":"About us - Riad Dar Sarah","isPartOf":{"@id":"https:\/\/riaddarsarah.com\/#website"},"primaryImageOfPage":{"@id":"https:\/\/riaddarsarah.com\/about-us\/#primaryimage"},"image":{"@id":"https:\/\/riaddarsarah.com\/about-us\/#primaryimage"},"thumbnailUrl":"https:\/\/riaddarsarah.com\/wp-content\/uploads\/2024\/03\/DSC_7745.webp","datePublished":"2024-03-17T14:54:47+00:00","dateModified":"2024-05-24T13:41:13+00:00","description":"Entdecken Sie das Riad Dar Sarah auf dem Gipfel von Taghazout, wo zeitloses marokkanisches Design auf modernen Komfort trifft und f\u00fcr einen unvergesslichen Aufenthalt sorgt.","breadcrumb":{"@id":"https:\/\/riaddarsarah.com\/about-us\/#breadcrumb"},"inLanguage":"de","potentialAction":[{"@type":"ReadAction","target":["https:\/\/riaddarsarah.com\/about-us\/"]}]},{"@type":"ImageObject","inLanguage":"de","@id":"https:\/\/riaddarsarah.com\/about-us\/#primaryimage","url":"https:\/\/riaddarsarah.com\/wp-content\/uploads\/2024\/03\/DSC_7745.webp","contentUrl":"https:\/\/riaddarsarah.com\/wp-content\/uploads\/2024\/03\/DSC_7745.webp","width":1800,"height":1200,"caption":"Riad Dar Sarah"},{"@type":"BreadcrumbList","@id":"https:\/\/riaddarsarah.com\/about-us\/#breadcrumb","itemListElement":[{"@type":"ListItem","position":1,"name":"Home","item":"https:\/\/riaddarsarah.com\/"},{"@type":"ListItem","position":2,"name":"About us"}]},{"@type":"WebSite","@id":"https:\/\/riaddarsarah.com\/#website","url":"https:\/\/riaddarsarah.com\/","name":"Riad Dar Sarah","description":"Riad Taghazout","publisher":{"@id":"https:\/\/riaddarsarah.com\/#organization"},"potentialAction":[{"@type":"SearchAction","target":{"@type":"EntryPoint","urlTemplate":"https:\/\/riaddarsarah.com\/?s={search_term_string}"},"query-input":{"@type":"PropertyValueSpecification","valueRequired":true,"valueName":"search_term_string"}}],"inLanguage":"de"},{"@type":"Organization","@id":"https:\/\/riaddarsarah.com\/#organization","name":"Riad Dar Sarah","url":"https:\/\/riaddarsarah.com\/","logo":{"@type":"ImageObject","inLanguage":"de","@id":"https:\/\/riaddarsarah.com\/#\/schema\/logo\/image\/","url":"https:\/\/riaddarsarah.com\/wp-content\/uploads\/2024\/04\/7.png","contentUrl":"https:\/\/riaddarsarah.com\/wp-content\/uploads\/2024\/04\/7.png","width":4000,"height":3008,"caption":"Riad Dar Sarah"},"image":{"@id":"https:\/\/riaddarsarah.com\/#\/schema\/logo\/image\/"},"sameAs":["https:\/\/www.facebook.com\/riaddarsarah","https:\/\/www.instagram.com\/riaddarsarah\/"]}]}},"_links":{"self":[{"href":"https:\/\/riaddarsarah.com\/de\/wp-json\/wp\/v2\/pages\/305","targetHints":{"allow":["GET"]}}],"collection":[{"href":"https:\/\/riaddarsarah.com\/de\/wp-json\/wp\/v2\/pages"}],"about":[{"href":"https:\/\/riaddarsarah.com\/de\/wp-json\/wp\/v2\/types\/page"}],"author":[{"embeddable":true,"href":"https:\/\/riaddarsarah.com\/de\/wp-json\/wp\/v2\/users\/1"}],"replies":[{"embeddable":true,"href":"https:\/\/riaddarsarah.com\/de\/wp-json\/wp\/v2\/comments?post=305"}],"version-history":[{"count":22,"href":"https:\/\/riaddarsarah.com\/de\/wp-json\/wp\/v2\/pages\/305\/revisions"}],"predecessor-version":[{"id":561,"href":"https:\/\/riaddarsarah.com\/de\/wp-json\/wp\/v2\/pages\/305\/revisions\/561"}],"wp:featuredmedia":[{"embeddable":true,"href":"https:\/\/riaddarsarah.com\/de\/wp-json\/wp\/v2\/media\/290"}],"wp:attachment":[{"href":"https:\/\/riaddarsarah.com\/de\/wp-json\/wp\/v2\/media?parent=305"}],"curies":[{"name":"wp","href":"https:\/\/api.w.org\/{rel}","templated":true}]}}